{"id":2,"date":"2015-02-11T20:18:11","date_gmt":"2015-02-11T19:18:11","guid":{"rendered":"http:\/\/cpsstrelec.si\/?page_id=2"},"modified":"2018-04-01T18:47:06","modified_gmt":"2018-04-01T16:47:06","slug":"sample-page","status":"publish","type":"page","link":"https:\/\/cpskrsko.si\/?page_id=2","title":{"rendered":"\u010clanstvo"},"content":{"rendered":"<h2>Kako postanem \u010dlan?<\/h2>\n<p>To je enostavno! \u010ce \u017eelite postati \u010dlan, izpolnite obrazec za zahtevek in obravnavali bomo va\u0161o pro\u0161njo v \u010dim kraj\u0161em mo\u017enem \u010dasu. Odgovor bo posredovan na prijavljen elektronski naslov.<\/p>\n<!-- PWebContact -->\n\n\n<div id=\"pwebcontact2\" class=\"pwebcontact  pweb-static pweb-theme-free pweb-labels-above\" dir=\"ltr\">\n\n    \n    \n    <div id=\"pwebcontact2_box\" class=\"pwebcontact-box pweb-static pweb-theme-free pweb-labels-above \" dir=\"ltr\">\n\n    <div class=\"pwebcontact-container-outset\">\n    <div id=\"pwebcontact2_container\" class=\"pwebcontact-container\">\n    <div class=\"pwebcontact-container-inset\">\n\n        \n        \n        \n        <form name=\"pwebcontact2_form\" id=\"pwebcontact2_form\" class=\"pwebcontact-form\" action=\"https:\/\/cpskrsko.si\" method=\"post\" accept-charset=\"utf-8\">\n\n            \n            <div class=\"pweb-fields\">\n            <div class=\"pweb-row\"><div class=\"pweb-column pweb-width-33\">                    <div class=\"pweb-field-container pweb-field-name pweb-field-name\">\n                                                <div class=\"pweb-label\">\n                            <label id=\"pwebcontact2_field-name-lbl\" for=\"pwebcontact2_field-name\">\n                                Ime                                <span class=\"pweb-asterisk\">*<\/span>                            <\/label>\n                        <\/div>\n                                                <div class=\"pweb-field\">\n                                                        <div class=\"pweb-field-shadow\">\n                                <input type=\"text\" name=\"fields[name]\" id=\"pwebcontact2_field-name\" autocomplete=\"on\" class=\"pweb-input required\" value=\"\" data-role=\"none\">\n                            <\/div>\n                                                    <\/div>\n                    <\/div>\n                    <\/div><div class=\"pweb-column pweb-width-33\">                    <div class=\"pweb-field-container pweb-field-text pweb-field-priimek\">\n                                                <div class=\"pweb-label\">\n                            <label id=\"pwebcontact2_field-priimek-lbl\" for=\"pwebcontact2_field-priimek\">\n                                Priimek                                <span class=\"pweb-asterisk\">*<\/span>                            <\/label>\n                        <\/div>\n                                                <div class=\"pweb-field\">\n                                                        <div class=\"pweb-field-shadow\">\n                                <input type=\"text\" name=\"fields[priimek]\" id=\"pwebcontact2_field-priimek\" autocomplete=\"on\" class=\"pweb-input required\" value=\"\" data-role=\"none\">\n                            <\/div>\n                                                    <\/div>\n                    <\/div>\n                    <\/div><div class=\"pweb-column pweb-width-33\">                    <div class=\"pweb-field-container pweb-field-text pweb-field-telefon\">\n                                                <div class=\"pweb-label\">\n                            <label id=\"pwebcontact2_field-telefon-lbl\" for=\"pwebcontact2_field-telefon\">\n                                Telefon:                                <span class=\"pweb-asterisk\">*<\/span>                            <\/label>\n                        <\/div>\n                                                <div class=\"pweb-field\">\n                                                        <div class=\"pweb-field-shadow\">\n                                <input type=\"text\" name=\"fields[telefon]\" id=\"pwebcontact2_field-telefon\" autocomplete=\"on\" class=\"pweb-input required\" value=\"\" data-role=\"none\">\n                            <\/div>\n                                                    <\/div>\n                    <\/div>\n                    <\/div><\/div><div class=\"pweb-row\"><div class=\"pweb-column pweb-width-33\">                    <div class=\"pweb-field-container pweb-field-text pweb-field-naslov\">\n                                                <div class=\"pweb-label\">\n                            <label id=\"pwebcontact2_field-naslov-lbl\" for=\"pwebcontact2_field-naslov\">\n                                Ulica                                <span class=\"pweb-asterisk\">*<\/span>                            <\/label>\n                        <\/div>\n                                                <div class=\"pweb-field\">\n                                                        <div class=\"pweb-field-shadow\">\n                                <input type=\"text\" name=\"fields[naslov]\" id=\"pwebcontact2_field-naslov\" autocomplete=\"on\" class=\"pweb-input required\" value=\"\" data-role=\"none\">\n                            <\/div>\n                                                    <\/div>\n                    <\/div>\n                    <\/div><div class=\"pweb-column pweb-width-33\">                    <div class=\"pweb-field-container pweb-field-text pweb-field-pota\">\n                                                <div class=\"pweb-label\">\n                            <label id=\"pwebcontact2_field-pota-lbl\" for=\"pwebcontact2_field-pota\">\n                                Po\u0161ta                                <span class=\"pweb-asterisk\">*<\/span>                            <\/label>\n                        <\/div>\n                                                <div class=\"pweb-field\">\n                                                        <div class=\"pweb-field-shadow\">\n                                <input type=\"text\" name=\"fields[pota]\" id=\"pwebcontact2_field-pota\" autocomplete=\"on\" class=\"pweb-input required\" value=\"\" data-role=\"none\">\n                            <\/div>\n                                                    <\/div>\n                    <\/div>\n                    <\/div><div class=\"pweb-column pweb-width-33\">                    <div class=\"pweb-field-container pweb-field-text pweb-field-potnat\">\n                                                <div class=\"pweb-label\">\n                            <label id=\"pwebcontact2_field-potnat-lbl\" for=\"pwebcontact2_field-potnat\">\n                                Po\u0161tna \u0161t.                                <span class=\"pweb-asterisk\">*<\/span>                            <\/label>\n                        <\/div>\n                                                <div class=\"pweb-field\">\n                                                        <div class=\"pweb-field-shadow\">\n                                <input type=\"text\" name=\"fields[potnat]\" id=\"pwebcontact2_field-potnat\" autocomplete=\"on\" class=\"pweb-input required\" value=\"\" data-role=\"none\">\n                            <\/div>\n                                                    <\/div>\n                    <\/div>\n                    <\/div><\/div><div class=\"pweb-row\"><div class=\"pweb-column pweb-width-50\">                    <div class=\"pweb-field-container pweb-field-email pweb-field-email\">\n                                                <div class=\"pweb-label\">\n                            <label id=\"pwebcontact2_field-email-lbl\" for=\"pwebcontact2_field-email\">\n                                Email                                <span class=\"pweb-asterisk\">*<\/span>                            <\/label>\n                        <\/div>\n                                                <div class=\"pweb-field\">\n                                                        <div class=\"pweb-field-shadow\">\n                                <input type=\"email\" name=\"fields[email]\" id=\"pwebcontact2_field-email\" autocomplete=\"on\" class=\"pweb-input required\" value=\"\" data-role=\"none\">\n                            <\/div>\n                                                    <\/div>\n                    <\/div>\n                    <\/div><div class=\"pweb-column pweb-width-50\">                    <div class=\"pweb-field-container pweb-field-text pweb-field-letorojstva\">\n                                                <div class=\"pweb-label\">\n                            <label id=\"pwebcontact2_field-letorojstva-lbl\" for=\"pwebcontact2_field-letorojstva\">\n                                Datum rojstva                                                            <\/label>\n                        <\/div>\n                                                <div class=\"pweb-field\">\n                                                        <div class=\"pweb-field-shadow\">\n                                <input type=\"text\" name=\"fields[letorojstva]\" id=\"pwebcontact2_field-letorojstva\" autocomplete=\"on\" class=\"pweb-input\" value=\"\" data-role=\"none\">\n                            <\/div>\n                                                    <\/div>\n                    <\/div>\n                    <\/div><\/div><div class=\"pweb-row\"><div>                    <div class=\"pweb-field-container pweb-field-textarea pweb-field-message\">\n                                                <div class=\"pweb-label\">\n                            <label id=\"pwebcontact2_field-message-lbl\" for=\"pwebcontact2_field-message\">\n                                Sporo\u010dilo                                <span class=\"pweb-asterisk\">*<\/span>                            <\/label>\n                        <\/div>\n                                                <div class=\"pweb-field\">\n                                                        <div class=\"pweb-field-shadow\">\n                                <textarea name=\"fields[message]\" id=\"pwebcontact2_field-message\" cols=\"50\" rows=\"5\" class=\"required\" data-role=\"none\"><\/textarea>\n                            <\/div>\n                                                                                <\/div>\n                    <\/div>\n                    <\/div><\/div><div class=\"pweb-row\"><div>                    <div class=\"pweb-field-container pweb-field-buttons\">\n                        <div class=\"pweb-field\">\n                            <button id=\"pwebcontact2_send\" type=\"submit\" class=\"btn pweb-button-send\" data-role=\"none\">Po\u0161lji<\/button>\n                                                                                <\/div>\n                    <\/div>\n                    <\/div><\/div>            <\/div>\n\n            <div class=\"pweb-msg pweb-msg-after\"><div id=\"pwebcontact2_msg\" class=\"pweb-progress\"><script type=\"text\/javascript\">document.getElementById(\"pwebcontact2_msg\").innerHTML=\"Initializing form...\"<\/script><\/div><\/div>\n                        <input type=\"hidden\" name=\"0788c698a2\" value=\"1\" id=\"pwebcontact2_token\">\n        <\/form>\n\n\n    <\/div>\n    <\/div>\n    <\/div>\n\n    <\/div>\n    <\/div>\n\n<script type=\"text\/javascript\">\njQuery(document).ready(function($){pwebContact2=new pwebContact({id:2,ajaxUrl:\"https:\/\/cpskrsko.si\/wp-admin\/admin-ajax.php?action=pwebcontact_\",theme:\"free\",layout:\"static\",position:\"static\",offsetPosition:\"top\",closeOther:0})});<\/script>\n<!-- PWebContact end -->\n\n","protected":false},"excerpt":{"rendered":"<p>Kako postanem \u010dlan? To je enostavno! \u010ce \u017eelite postati \u010dlan, izpolnite obrazec za zahtevek in obravnavali bomo va\u0161o pro\u0161njo v \u010dim kraj\u0161em mo\u017enem \u010dasu. Odgovor bo posredovan na prijavljen elektronski naslov.<\/p>\n","protected":false},"author":1,"featured_media":0,"parent":50,"menu_order":4,"comment_status":"closed","ping_status":"closed","template":"fullwidth.php","meta":{"ngg_post_thumbnail":0,"footnotes":""},"class_list":["post-2","page","type-page","status-publish","hentry"],"yoast_head":"<!-- This site is optimized with the Yoast SEO plugin v27.4 - https:\/\/yoast.com\/product\/yoast-seo-wordpress\/ -->\n<title>\u010clanstvo<\/title>\n<meta name=\"robots\" content=\"index, follow, max-snippet:-1, max-image-preview:large, max-video-preview:-1\" \/>\n<link rel=\"canonical\" href=\"https:\/\/cpskrsko.si\/?page_id=2\" \/>\n<meta property=\"og:locale\" content=\"sl_SI\" \/>\n<meta property=\"og:type\" content=\"article\" \/>\n<meta property=\"og:title\" content=\"\u010clanstvo\" \/>\n<meta property=\"og:description\" content=\"Kako postanem \u010dlan? To je enostavno! \u010ce \u017eelite postati \u010dlan, izpolnite obrazec za zahtevek in obravnavali bomo va\u0161o pro\u0161njo v \u010dim kraj\u0161em mo\u017enem \u010dasu. Odgovor bo posredovan na prijavljen elektronski naslov.\" \/>\n<meta property=\"og:url\" content=\"https:\/\/cpskrsko.si\/?page_id=2\" \/>\n<meta property=\"og:site_name\" content=\"CPS Kr\u0161ko\" \/>\n<meta property=\"article:publisher\" content=\"http:\/\/facebook.com\/cpskrsko\" \/>\n<meta property=\"article:modified_time\" content=\"2018-04-01T16:47:06+00:00\" \/>\n<script type=\"application\/ld+json\" class=\"yoast-schema-graph\">{\"@context\":\"https:\\\/\\\/schema.org\",\"@graph\":[{\"@type\":\"WebPage\",\"@id\":\"https:\\\/\\\/cpskrsko.si\\\/?page_id=2\",\"url\":\"https:\\\/\\\/cpskrsko.si\\\/?page_id=2\",\"name\":\"\u010clanstvo\",\"isPartOf\":{\"@id\":\"https:\\\/\\\/cpskrsko.si\\\/#website\"},\"datePublished\":\"2015-02-11T19:18:11+00:00\",\"dateModified\":\"2018-04-01T16:47:06+00:00\",\"breadcrumb\":{\"@id\":\"https:\\\/\\\/cpskrsko.si\\\/?page_id=2#breadcrumb\"},\"inLanguage\":\"sl-SI\",\"potentialAction\":[{\"@type\":\"ReadAction\",\"target\":[\"https:\\\/\\\/cpskrsko.si\\\/?page_id=2\"]}]},{\"@type\":\"BreadcrumbList\",\"@id\":\"https:\\\/\\\/cpskrsko.si\\\/?page_id=2#breadcrumb\",\"itemListElement\":[{\"@type\":\"ListItem\",\"position\":1,\"name\":\"Home\",\"item\":\"https:\\\/\\\/cpskrsko.si\\\/\"},{\"@type\":\"ListItem\",\"position\":2,\"name\":\"O NAS\",\"item\":\"https:\\\/\\\/cpskrsko.si\\\/?page_id=50\"},{\"@type\":\"ListItem\",\"position\":3,\"name\":\"\u010clanstvo\"}]},{\"@type\":\"WebSite\",\"@id\":\"https:\\\/\\\/cpskrsko.si\\\/#website\",\"url\":\"https:\\\/\\\/cpskrsko.si\\\/\",\"name\":\"CPS Kr\u0161ko\",\"description\":\"Klub prakti\u010dnega streljanja KR\u0160KO\",\"potentialAction\":[{\"@type\":\"SearchAction\",\"target\":{\"@type\":\"EntryPoint\",\"urlTemplate\":\"https:\\\/\\\/cpskrsko.si\\\/?s={search_term_string}\"},\"query-input\":{\"@type\":\"PropertyValueSpecification\",\"valueRequired\":true,\"valueName\":\"search_term_string\"}}],\"inLanguage\":\"sl-SI\"}]}<\/script>\n<!-- \/ Yoast SEO plugin. -->","yoast_head_json":{"title":"\u010clanstvo","robots":{"index":"index","follow":"follow","max-snippet":"max-snippet:-1","max-image-preview":"max-image-preview:large","max-video-preview":"max-video-preview:-1"},"canonical":"https:\/\/cpskrsko.si\/?page_id=2","og_locale":"sl_SI","og_type":"article","og_title":"\u010clanstvo","og_description":"Kako postanem \u010dlan? To je enostavno! \u010ce \u017eelite postati \u010dlan, izpolnite obrazec za zahtevek in obravnavali bomo va\u0161o pro\u0161njo v \u010dim kraj\u0161em mo\u017enem \u010dasu. Odgovor bo posredovan na prijavljen elektronski naslov.","og_url":"https:\/\/cpskrsko.si\/?page_id=2","og_site_name":"CPS Kr\u0161ko","article_publisher":"http:\/\/facebook.com\/cpskrsko","article_modified_time":"2018-04-01T16:47:06+00:00","schema":{"@context":"https:\/\/schema.org","@graph":[{"@type":"WebPage","@id":"https:\/\/cpskrsko.si\/?page_id=2","url":"https:\/\/cpskrsko.si\/?page_id=2","name":"\u010clanstvo","isPartOf":{"@id":"https:\/\/cpskrsko.si\/#website"},"datePublished":"2015-02-11T19:18:11+00:00","dateModified":"2018-04-01T16:47:06+00:00","breadcrumb":{"@id":"https:\/\/cpskrsko.si\/?page_id=2#breadcrumb"},"inLanguage":"sl-SI","potentialAction":[{"@type":"ReadAction","target":["https:\/\/cpskrsko.si\/?page_id=2"]}]},{"@type":"BreadcrumbList","@id":"https:\/\/cpskrsko.si\/?page_id=2#breadcrumb","itemListElement":[{"@type":"ListItem","position":1,"name":"Home","item":"https:\/\/cpskrsko.si\/"},{"@type":"ListItem","position":2,"name":"O NAS","item":"https:\/\/cpskrsko.si\/?page_id=50"},{"@type":"ListItem","position":3,"name":"\u010clanstvo"}]},{"@type":"WebSite","@id":"https:\/\/cpskrsko.si\/#website","url":"https:\/\/cpskrsko.si\/","name":"CPS Kr\u0161ko","description":"Klub prakti\u010dnega streljanja KR\u0160KO","potentialAction":[{"@type":"SearchAction","target":{"@type":"EntryPoint","urlTemplate":"https:\/\/cpskrsko.si\/?s={search_term_string}"},"query-input":{"@type":"PropertyValueSpecification","valueRequired":true,"valueName":"search_term_string"}}],"inLanguage":"sl-SI"}]}},"_links":{"self":[{"href":"https:\/\/cpskrsko.si\/index.php?rest_route=\/wp\/v2\/pages\/2","targetHints":{"allow":["GET"]}}],"collection":[{"href":"https:\/\/cpskrsko.si\/index.php?rest_route=\/wp\/v2\/pages"}],"about":[{"href":"https:\/\/cpskrsko.si\/index.php?rest_route=\/wp\/v2\/types\/page"}],"author":[{"embeddable":true,"href":"https:\/\/cpskrsko.si\/index.php?rest_route=\/wp\/v2\/users\/1"}],"replies":[{"embeddable":true,"href":"https:\/\/cpskrsko.si\/index.php?rest_route=%2Fwp%2Fv2%2Fcomments&post=2"}],"version-history":[{"count":9,"href":"https:\/\/cpskrsko.si\/index.php?rest_route=\/wp\/v2\/pages\/2\/revisions"}],"predecessor-version":[{"id":1346,"href":"https:\/\/cpskrsko.si\/index.php?rest_route=\/wp\/v2\/pages\/2\/revisions\/1346"}],"up":[{"embeddable":true,"href":"https:\/\/cpskrsko.si\/index.php?rest_route=\/wp\/v2\/pages\/50"}],"wp:attachment":[{"href":"https:\/\/cpskrsko.si\/index.php?rest_route=%2Fwp%2Fv2%2Fmedia&parent=2"}],"curies":[{"name":"wp","href":"https:\/\/api.w.org\/{rel}","templated":true}]}}