{"id":188,"date":"2015-02-13T08:54:49","date_gmt":"2015-02-13T07:54:49","guid":{"rendered":"http:\/\/cpsstrelec.si\/?page_id=188"},"modified":"2015-02-13T09:20:11","modified_gmt":"2015-02-13T08:20:11","slug":"tanfoglio-elite-stock-2","status":"publish","type":"page","link":"https:\/\/cpskrsko.si\/?page_id=188","title":{"rendered":"TANFOGLIO Elite Stock 2"},"content":{"rendered":"<p>Polavtomatska pi\u0161tola s dvojnim delovanjem\u00a0 za IPSC streljaje v produkcijski klasi.<\/p>\n<p>&nbsp;<\/p>\n<p>&nbsp;<\/p>\n","protected":false},"excerpt":{"rendered":"<p>Polavtomatska pi\u0161tola s dvojnim delovanjem\u00a0 za IPSC streljaje v produkcijski klasi. &nbsp; &nbsp;<\/p>\n","protected":false},"author":1,"featured_media":189,"parent":195,"menu_order":0,"comment_status":"open","ping_status":"open","template":"","meta":{"ngg_post_thumbnail":0,"footnotes":""},"class_list":["post-188","page","type-page","status-publish","has-post-thumbnail","hentry"],"yoast_head":"<!-- This site is optimized with the Yoast SEO plugin v27.4 - https:\/\/yoast.com\/product\/yoast-seo-wordpress\/ -->\n<title>TANFOGLIO Elite Stock 2<\/title>\n<meta name=\"robots\" content=\"index, follow, max-snippet:-1, max-image-preview:large, max-video-preview:-1\" \/>\n<link rel=\"canonical\" href=\"https:\/\/cpskrsko.si\/?page_id=188\" \/>\n<meta property=\"og:locale\" content=\"sl_SI\" \/>\n<meta property=\"og:type\" content=\"article\" \/>\n<meta property=\"og:title\" content=\"TANFOGLIO Elite Stock 2\" \/>\n<meta property=\"og:description\" content=\"Polavtomatska pi\u0161tola s dvojnim delovanjem\u00a0 za IPSC streljaje v produkcijski klasi. &nbsp; &nbsp;\" \/>\n<meta property=\"og:url\" content=\"https:\/\/cpskrsko.si\/?page_id=188\" \/>\n<meta property=\"og:site_name\" content=\"CPS Kr\u0161ko\" \/>\n<meta property=\"article:publisher\" content=\"http:\/\/facebook.com\/cpskrsko\" \/>\n<meta property=\"article:modified_time\" content=\"2015-02-13T08:20:11+00:00\" \/>\n<meta property=\"og:image\" content=\"https:\/\/cpskrsko.si\/wp-content\/uploads\/2015\/02\/Tanfoglio.jpg\" \/>\n\t<meta property=\"og:image:width\" content=\"790\" \/>\n\t<meta property=\"og:image:height\" content=\"578\" \/>\n\t<meta property=\"og:image:type\" content=\"image\/jpeg\" \/>\n<script type=\"application\/ld+json\" class=\"yoast-schema-graph\">{\"@context\":\"https:\\\/\\\/schema.org\",\"@graph\":[{\"@type\":\"WebPage\",\"@id\":\"https:\\\/\\\/cpskrsko.si\\\/?page_id=188\",\"url\":\"https:\\\/\\\/cpskrsko.si\\\/?page_id=188\",\"name\":\"TANFOGLIO Elite Stock 2\",\"isPartOf\":{\"@id\":\"https:\\\/\\\/cpskrsko.si\\\/#website\"},\"primaryImageOfPage\":{\"@id\":\"https:\\\/\\\/cpskrsko.si\\\/?page_id=188#primaryimage\"},\"image\":{\"@id\":\"https:\\\/\\\/cpskrsko.si\\\/?page_id=188#primaryimage\"},\"thumbnailUrl\":\"https:\\\/\\\/cpskrsko.si\\\/wp-content\\\/uploads\\\/2015\\\/02\\\/Tanfoglio.jpg\",\"datePublished\":\"2015-02-13T07:54:49+00:00\",\"dateModified\":\"2015-02-13T08:20:11+00:00\",\"breadcrumb\":{\"@id\":\"https:\\\/\\\/cpskrsko.si\\\/?page_id=188#breadcrumb\"},\"inLanguage\":\"sl-SI\",\"potentialAction\":[{\"@type\":\"ReadAction\",\"target\":[\"https:\\\/\\\/cpskrsko.si\\\/?page_id=188\"]}]},{\"@type\":\"ImageObject\",\"inLanguage\":\"sl-SI\",\"@id\":\"https:\\\/\\\/cpskrsko.si\\\/?page_id=188#primaryimage\",\"url\":\"https:\\\/\\\/cpskrsko.si\\\/wp-content\\\/uploads\\\/2015\\\/02\\\/Tanfoglio.jpg\",\"contentUrl\":\"https:\\\/\\\/cpskrsko.si\\\/wp-content\\\/uploads\\\/2015\\\/02\\\/Tanfoglio.jpg\",\"width\":790,\"height\":578},{\"@type\":\"BreadcrumbList\",\"@id\":\"https:\\\/\\\/cpskrsko.si\\\/?page_id=188#breadcrumb\",\"itemListElement\":[{\"@type\":\"ListItem\",\"position\":1,\"name\":\"Home\",\"item\":\"https:\\\/\\\/cpskrsko.si\\\/\"},{\"@type\":\"ListItem\",\"position\":2,\"name\":\"IPSC\",\"item\":\"https:\\\/\\\/cpskrsko.si\\\/?page_id=77\"},{\"@type\":\"ListItem\",\"position\":3,\"name\":\"Oprema\",\"item\":\"https:\\\/\\\/cpskrsko.si\\\/?page_id=195\"},{\"@type\":\"ListItem\",\"position\":4,\"name\":\"TANFOGLIO Elite Stock 2\"}]},{\"@type\":\"WebSite\",\"@id\":\"https:\\\/\\\/cpskrsko.si\\\/#website\",\"url\":\"https:\\\/\\\/cpskrsko.si\\\/\",\"name\":\"CPS Kr\u0161ko\",\"description\":\"Klub prakti\u010dnega streljanja KR\u0160KO\",\"potentialAction\":[{\"@type\":\"SearchAction\",\"target\":{\"@type\":\"EntryPoint\",\"urlTemplate\":\"https:\\\/\\\/cpskrsko.si\\\/?s={search_term_string}\"},\"query-input\":{\"@type\":\"PropertyValueSpecification\",\"valueRequired\":true,\"valueName\":\"search_term_string\"}}],\"inLanguage\":\"sl-SI\"}]}<\/script>\n<!-- \/ Yoast SEO plugin. -->","yoast_head_json":{"title":"TANFOGLIO Elite Stock 2","robots":{"index":"index","follow":"follow","max-snippet":"max-snippet:-1","max-image-preview":"max-image-preview:large","max-video-preview":"max-video-preview:-1"},"canonical":"https:\/\/cpskrsko.si\/?page_id=188","og_locale":"sl_SI","og_type":"article","og_title":"TANFOGLIO Elite Stock 2","og_description":"Polavtomatska pi\u0161tola s dvojnim delovanjem\u00a0 za IPSC streljaje v produkcijski klasi. &nbsp; &nbsp;","og_url":"https:\/\/cpskrsko.si\/?page_id=188","og_site_name":"CPS Kr\u0161ko","article_publisher":"http:\/\/facebook.com\/cpskrsko","article_modified_time":"2015-02-13T08:20:11+00:00","og_image":[{"width":790,"height":578,"url":"https:\/\/cpskrsko.si\/wp-content\/uploads\/2015\/02\/Tanfoglio.jpg","type":"image\/jpeg"}],"schema":{"@context":"https:\/\/schema.org","@graph":[{"@type":"WebPage","@id":"https:\/\/cpskrsko.si\/?page_id=188","url":"https:\/\/cpskrsko.si\/?page_id=188","name":"TANFOGLIO Elite Stock 2","isPartOf":{"@id":"https:\/\/cpskrsko.si\/#website"},"primaryImageOfPage":{"@id":"https:\/\/cpskrsko.si\/?page_id=188#primaryimage"},"image":{"@id":"https:\/\/cpskrsko.si\/?page_id=188#primaryimage"},"thumbnailUrl":"https:\/\/cpskrsko.si\/wp-content\/uploads\/2015\/02\/Tanfoglio.jpg","datePublished":"2015-02-13T07:54:49+00:00","dateModified":"2015-02-13T08:20:11+00:00","breadcrumb":{"@id":"https:\/\/cpskrsko.si\/?page_id=188#breadcrumb"},"inLanguage":"sl-SI","potentialAction":[{"@type":"ReadAction","target":["https:\/\/cpskrsko.si\/?page_id=188"]}]},{"@type":"ImageObject","inLanguage":"sl-SI","@id":"https:\/\/cpskrsko.si\/?page_id=188#primaryimage","url":"https:\/\/cpskrsko.si\/wp-content\/uploads\/2015\/02\/Tanfoglio.jpg","contentUrl":"https:\/\/cpskrsko.si\/wp-content\/uploads\/2015\/02\/Tanfoglio.jpg","width":790,"height":578},{"@type":"BreadcrumbList","@id":"https:\/\/cpskrsko.si\/?page_id=188#breadcrumb","itemListElement":[{"@type":"ListItem","position":1,"name":"Home","item":"https:\/\/cpskrsko.si\/"},{"@type":"ListItem","position":2,"name":"IPSC","item":"https:\/\/cpskrsko.si\/?page_id=77"},{"@type":"ListItem","position":3,"name":"Oprema","item":"https:\/\/cpskrsko.si\/?page_id=195"},{"@type":"ListItem","position":4,"name":"TANFOGLIO Elite Stock 2"}]},{"@type":"WebSite","@id":"https:\/\/cpskrsko.si\/#website","url":"https:\/\/cpskrsko.si\/","name":"CPS Kr\u0161ko","description":"Klub prakti\u010dnega streljanja KR\u0160KO","potentialAction":[{"@type":"SearchAction","target":{"@type":"EntryPoint","urlTemplate":"https:\/\/cpskrsko.si\/?s={search_term_string}"},"query-input":{"@type":"PropertyValueSpecification","valueRequired":true,"valueName":"search_term_string"}}],"inLanguage":"sl-SI"}]}},"_links":{"self":[{"href":"https:\/\/cpskrsko.si\/index.php?rest_route=\/wp\/v2\/pages\/188","targetHints":{"allow":["GET"]}}],"collection":[{"href":"https:\/\/cpskrsko.si\/index.php?rest_route=\/wp\/v2\/pages"}],"about":[{"href":"https:\/\/cpskrsko.si\/index.php?rest_route=\/wp\/v2\/types\/page"}],"author":[{"embeddable":true,"href":"https:\/\/cpskrsko.si\/index.php?rest_route=\/wp\/v2\/users\/1"}],"replies":[{"embeddable":true,"href":"https:\/\/cpskrsko.si\/index.php?rest_route=%2Fwp%2Fv2%2Fcomments&post=188"}],"version-history":[{"count":2,"href":"https:\/\/cpskrsko.si\/index.php?rest_route=\/wp\/v2\/pages\/188\/revisions"}],"predecessor-version":[{"id":191,"href":"https:\/\/cpskrsko.si\/index.php?rest_route=\/wp\/v2\/pages\/188\/revisions\/191"}],"up":[{"embeddable":true,"href":"https:\/\/cpskrsko.si\/index.php?rest_route=\/wp\/v2\/pages\/195"}],"wp:featuredmedia":[{"embeddable":true,"href":"https:\/\/cpskrsko.si\/index.php?rest_route=\/wp\/v2\/media\/189"}],"wp:attachment":[{"href":"https:\/\/cpskrsko.si\/index.php?rest_route=%2Fwp%2Fv2%2Fmedia&parent=188"}],"curies":[{"name":"wp","href":"https:\/\/api.w.org\/{rel}","templated":true}]}}