{"id":185,"date":"2015-02-13T08:52:24","date_gmt":"2015-02-13T07:52:24","guid":{"rendered":"http:\/\/cpsstrelec.si\/?page_id=185"},"modified":"2015-02-13T09:20:11","modified_gmt":"2015-02-13T08:20:11","slug":"glock-17","status":"publish","type":"page","link":"https:\/\/cpskrsko.si\/?page_id=185","title":{"rendered":"GLOCK 17"},"content":{"rendered":"<p>Pi\u0161tola je nastala v za\u010detku\u00a0osemdesetih\u00a0let\u00a020.stoletja\u00a0v\u00a0avstrijskem\u00a0podjetju<\/p>\n<p>Glock Gmbh. Pi\u0161tola je bila med prvimi, ki so imele\u00a0polimersko\u00a0ogrodje, ni pa bila prva, kot pogosto mislimo. Od prvih pi\u0161tol do danes je bila pi\u0161tola trikrat posodobljena, Spremembe so bile ve\u010dinoma narejene na ogrodju, ki je bilo sprva precej enostavno, danes pa je oblikovano tako, da je nanj mo\u017eno pritrditi razli\u010dne nastavke. Tudi ro\u010daj je posodobljen, da pi\u0161tola lep\u0161e le\u017ei v roki. Pi\u0161tola je postala raz\u0161irjena povsod po svetu, saj je v uporabi \u017ee v ve\u010d kot 50 dr\u017eavah.<\/p>\n<p>&nbsp;<\/p>\n","protected":false},"excerpt":{"rendered":"<p>Pi\u0161tola je nastala v za\u010detku\u00a0osemdesetih\u00a0let\u00a020.stoletja\u00a0v\u00a0avstrijskem\u00a0podjetju Glock Gmbh. Pi\u0161tola je bila med prvimi, ki so imele\u00a0polimersko\u00a0ogrodje, ni pa bila prva, kot pogosto mislimo. Od prvih pi\u0161tol do danes je bila pi\u0161tola trikrat posodobljena, Spremembe so bile ve\u010dinoma narejene na ogrodju, ki je bilo sprva precej enostavno, danes pa je oblikovano tako,<a href=\"https:\/\/cpskrsko.si\/?page_id=185\" class=\"read-more\">Read the rest of this page &raquo;<\/a><\/p>\n","protected":false},"author":1,"featured_media":186,"parent":195,"menu_order":0,"comment_status":"open","ping_status":"open","template":"","meta":{"ngg_post_thumbnail":0,"footnotes":""},"class_list":["post-185","page","type-page","status-publish","has-post-thumbnail","hentry"],"yoast_head":"<!-- This site is optimized with the Yoast SEO plugin v27.4 - https:\/\/yoast.com\/product\/yoast-seo-wordpress\/ -->\n<title>GLOCK 17<\/title>\n<meta name=\"robots\" content=\"index, follow, max-snippet:-1, max-image-preview:large, max-video-preview:-1\" \/>\n<link rel=\"canonical\" href=\"https:\/\/cpskrsko.si\/?page_id=185\" \/>\n<meta property=\"og:locale\" content=\"sl_SI\" \/>\n<meta property=\"og:type\" content=\"article\" \/>\n<meta property=\"og:title\" content=\"GLOCK 17\" \/>\n<meta property=\"og:description\" content=\"Pi\u0161tola je nastala v za\u010detku\u00a0osemdesetih\u00a0let\u00a020.stoletja\u00a0v\u00a0avstrijskem\u00a0podjetju Glock Gmbh. Pi\u0161tola je bila med prvimi, ki so imele\u00a0polimersko\u00a0ogrodje, ni pa bila prva, kot pogosto mislimo. Od prvih pi\u0161tol do danes je bila pi\u0161tola trikrat posodobljena, Spremembe so bile ve\u010dinoma narejene na ogrodju, ki je bilo sprva precej enostavno, danes pa je oblikovano tako,Read the rest of this page &raquo;\" \/>\n<meta property=\"og:url\" content=\"https:\/\/cpskrsko.si\/?page_id=185\" \/>\n<meta property=\"og:site_name\" content=\"CPS Kr\u0161ko\" \/>\n<meta property=\"article:publisher\" content=\"http:\/\/facebook.com\/cpskrsko\" \/>\n<meta property=\"article:modified_time\" content=\"2015-02-13T08:20:11+00:00\" \/>\n<meta property=\"og:image\" content=\"http:\/\/cpskrsko.si\/wp-content\/uploads\/2015\/02\/glock_17.jpg\" \/>\n\t<meta property=\"og:image:width\" content=\"695\" \/>\n\t<meta property=\"og:image:height\" content=\"475\" \/>\n\t<meta property=\"og:image:type\" content=\"image\/jpeg\" \/>\n<meta name=\"twitter:label1\" content=\"Est. reading time\" \/>\n\t<meta name=\"twitter:data1\" content=\"1 minuta\" \/>\n<script type=\"application\/ld+json\" class=\"yoast-schema-graph\">{\"@context\":\"https:\\\/\\\/schema.org\",\"@graph\":[{\"@type\":\"WebPage\",\"@id\":\"https:\\\/\\\/cpskrsko.si\\\/?page_id=185\",\"url\":\"https:\\\/\\\/cpskrsko.si\\\/?page_id=185\",\"name\":\"GLOCK 17\",\"isPartOf\":{\"@id\":\"https:\\\/\\\/cpskrsko.si\\\/#website\"},\"primaryImageOfPage\":{\"@id\":\"https:\\\/\\\/cpskrsko.si\\\/?page_id=185#primaryimage\"},\"image\":{\"@id\":\"https:\\\/\\\/cpskrsko.si\\\/?page_id=185#primaryimage\"},\"thumbnailUrl\":\"https:\\\/\\\/cpskrsko.si\\\/wp-content\\\/uploads\\\/2015\\\/02\\\/glock_17.jpg\",\"datePublished\":\"2015-02-13T07:52:24+00:00\",\"dateModified\":\"2015-02-13T08:20:11+00:00\",\"breadcrumb\":{\"@id\":\"https:\\\/\\\/cpskrsko.si\\\/?page_id=185#breadcrumb\"},\"inLanguage\":\"sl-SI\",\"potentialAction\":[{\"@type\":\"ReadAction\",\"target\":[\"https:\\\/\\\/cpskrsko.si\\\/?page_id=185\"]}]},{\"@type\":\"ImageObject\",\"inLanguage\":\"sl-SI\",\"@id\":\"https:\\\/\\\/cpskrsko.si\\\/?page_id=185#primaryimage\",\"url\":\"https:\\\/\\\/cpskrsko.si\\\/wp-content\\\/uploads\\\/2015\\\/02\\\/glock_17.jpg\",\"contentUrl\":\"https:\\\/\\\/cpskrsko.si\\\/wp-content\\\/uploads\\\/2015\\\/02\\\/glock_17.jpg\",\"width\":695,\"height\":475},{\"@type\":\"BreadcrumbList\",\"@id\":\"https:\\\/\\\/cpskrsko.si\\\/?page_id=185#breadcrumb\",\"itemListElement\":[{\"@type\":\"ListItem\",\"position\":1,\"name\":\"Home\",\"item\":\"https:\\\/\\\/cpskrsko.si\\\/\"},{\"@type\":\"ListItem\",\"position\":2,\"name\":\"IPSC\",\"item\":\"https:\\\/\\\/cpskrsko.si\\\/?page_id=77\"},{\"@type\":\"ListItem\",\"position\":3,\"name\":\"Oprema\",\"item\":\"https:\\\/\\\/cpskrsko.si\\\/?page_id=195\"},{\"@type\":\"ListItem\",\"position\":4,\"name\":\"GLOCK 17\"}]},{\"@type\":\"WebSite\",\"@id\":\"https:\\\/\\\/cpskrsko.si\\\/#website\",\"url\":\"https:\\\/\\\/cpskrsko.si\\\/\",\"name\":\"CPS Kr\u0161ko\",\"description\":\"Klub prakti\u010dnega streljanja KR\u0160KO\",\"potentialAction\":[{\"@type\":\"SearchAction\",\"target\":{\"@type\":\"EntryPoint\",\"urlTemplate\":\"https:\\\/\\\/cpskrsko.si\\\/?s={search_term_string}\"},\"query-input\":{\"@type\":\"PropertyValueSpecification\",\"valueRequired\":true,\"valueName\":\"search_term_string\"}}],\"inLanguage\":\"sl-SI\"}]}<\/script>\n<!-- \/ Yoast SEO plugin. -->","yoast_head_json":{"title":"GLOCK 17","robots":{"index":"index","follow":"follow","max-snippet":"max-snippet:-1","max-image-preview":"max-image-preview:large","max-video-preview":"max-video-preview:-1"},"canonical":"https:\/\/cpskrsko.si\/?page_id=185","og_locale":"sl_SI","og_type":"article","og_title":"GLOCK 17","og_description":"Pi\u0161tola je nastala v za\u010detku\u00a0osemdesetih\u00a0let\u00a020.stoletja\u00a0v\u00a0avstrijskem\u00a0podjetju Glock Gmbh. Pi\u0161tola je bila med prvimi, ki so imele\u00a0polimersko\u00a0ogrodje, ni pa bila prva, kot pogosto mislimo. Od prvih pi\u0161tol do danes je bila pi\u0161tola trikrat posodobljena, Spremembe so bile ve\u010dinoma narejene na ogrodju, ki je bilo sprva precej enostavno, danes pa je oblikovano tako,Read the rest of this page &raquo;","og_url":"https:\/\/cpskrsko.si\/?page_id=185","og_site_name":"CPS Kr\u0161ko","article_publisher":"http:\/\/facebook.com\/cpskrsko","article_modified_time":"2015-02-13T08:20:11+00:00","og_image":[{"width":695,"height":475,"url":"http:\/\/cpskrsko.si\/wp-content\/uploads\/2015\/02\/glock_17.jpg","type":"image\/jpeg"}],"twitter_misc":{"Est. reading time":"1 minuta"},"schema":{"@context":"https:\/\/schema.org","@graph":[{"@type":"WebPage","@id":"https:\/\/cpskrsko.si\/?page_id=185","url":"https:\/\/cpskrsko.si\/?page_id=185","name":"GLOCK 17","isPartOf":{"@id":"https:\/\/cpskrsko.si\/#website"},"primaryImageOfPage":{"@id":"https:\/\/cpskrsko.si\/?page_id=185#primaryimage"},"image":{"@id":"https:\/\/cpskrsko.si\/?page_id=185#primaryimage"},"thumbnailUrl":"https:\/\/cpskrsko.si\/wp-content\/uploads\/2015\/02\/glock_17.jpg","datePublished":"2015-02-13T07:52:24+00:00","dateModified":"2015-02-13T08:20:11+00:00","breadcrumb":{"@id":"https:\/\/cpskrsko.si\/?page_id=185#breadcrumb"},"inLanguage":"sl-SI","potentialAction":[{"@type":"ReadAction","target":["https:\/\/cpskrsko.si\/?page_id=185"]}]},{"@type":"ImageObject","inLanguage":"sl-SI","@id":"https:\/\/cpskrsko.si\/?page_id=185#primaryimage","url":"https:\/\/cpskrsko.si\/wp-content\/uploads\/2015\/02\/glock_17.jpg","contentUrl":"https:\/\/cpskrsko.si\/wp-content\/uploads\/2015\/02\/glock_17.jpg","width":695,"height":475},{"@type":"BreadcrumbList","@id":"https:\/\/cpskrsko.si\/?page_id=185#breadcrumb","itemListElement":[{"@type":"ListItem","position":1,"name":"Home","item":"https:\/\/cpskrsko.si\/"},{"@type":"ListItem","position":2,"name":"IPSC","item":"https:\/\/cpskrsko.si\/?page_id=77"},{"@type":"ListItem","position":3,"name":"Oprema","item":"https:\/\/cpskrsko.si\/?page_id=195"},{"@type":"ListItem","position":4,"name":"GLOCK 17"}]},{"@type":"WebSite","@id":"https:\/\/cpskrsko.si\/#website","url":"https:\/\/cpskrsko.si\/","name":"CPS Kr\u0161ko","description":"Klub prakti\u010dnega streljanja KR\u0160KO","potentialAction":[{"@type":"SearchAction","target":{"@type":"EntryPoint","urlTemplate":"https:\/\/cpskrsko.si\/?s={search_term_string}"},"query-input":{"@type":"PropertyValueSpecification","valueRequired":true,"valueName":"search_term_string"}}],"inLanguage":"sl-SI"}]}},"_links":{"self":[{"href":"https:\/\/cpskrsko.si\/index.php?rest_route=\/wp\/v2\/pages\/185","targetHints":{"allow":["GET"]}}],"collection":[{"href":"https:\/\/cpskrsko.si\/index.php?rest_route=\/wp\/v2\/pages"}],"about":[{"href":"https:\/\/cpskrsko.si\/index.php?rest_route=\/wp\/v2\/types\/page"}],"author":[{"embeddable":true,"href":"https:\/\/cpskrsko.si\/index.php?rest_route=\/wp\/v2\/users\/1"}],"replies":[{"embeddable":true,"href":"https:\/\/cpskrsko.si\/index.php?rest_route=%2Fwp%2Fv2%2Fcomments&post=185"}],"version-history":[{"count":1,"href":"https:\/\/cpskrsko.si\/index.php?rest_route=\/wp\/v2\/pages\/185\/revisions"}],"predecessor-version":[{"id":187,"href":"https:\/\/cpskrsko.si\/index.php?rest_route=\/wp\/v2\/pages\/185\/revisions\/187"}],"up":[{"embeddable":true,"href":"https:\/\/cpskrsko.si\/index.php?rest_route=\/wp\/v2\/pages\/195"}],"wp:featuredmedia":[{"embeddable":true,"href":"https:\/\/cpskrsko.si\/index.php?rest_route=\/wp\/v2\/media\/186"}],"wp:attachment":[{"href":"https:\/\/cpskrsko.si\/index.php?rest_route=%2Fwp%2Fv2%2Fmedia&parent=185"}],"curies":[{"name":"wp","href":"https:\/\/api.w.org\/{rel}","templated":true}]}}