{"id":182,"date":"2015-02-13T08:51:02","date_gmt":"2015-02-13T07:51:02","guid":{"rendered":"http:\/\/cpsstrelec.si\/?page_id=182"},"modified":"2018-03-25T21:48:47","modified_gmt":"2018-03-25T19:48:47","slug":"beretta-cx4-storm","status":"publish","type":"page","link":"https:\/\/cpskrsko.si\/?page_id=182","title":{"rendered":"BERETTA CX4 Storm"},"content":{"rendered":"<p>CX4 Storm je bil razvit za uporabo v povezavi z&nbsp;Beretta&nbsp;polavtomatskih pi\u0161tol.&nbsp;Na primer,nabojniki od&nbsp; &nbsp;Berette 92FS se lahko uporablja v CX4.&nbsp; Ni potrebno imeti&nbsp; lo\u010dene nabojnike&nbsp; za pu\u0161ko in pi\u0161tolo in&nbsp; omogo\u010da osebi, da opravlja ve\u010d streliva brez dodajanja te\u017ee.<\/p>\n<p><strong>Beretta CX4 Storm<\/strong>&nbsp;je&nbsp;karabin &nbsp;usmerjen na \u0161port , osebne za\u0161\u010dite in kazenskega pregona .&nbsp;Sedem razli\u010dnih modelov,&nbsp; 92\/96,&nbsp;cougar, &nbsp;Px4 , &nbsp;9&#215;21 IMI,&nbsp;9x19mm&nbsp;,&nbsp;0,40 S &amp; W&nbsp;in&nbsp;0,45 AKP. Beretta CX4 Storm je civilna razli\u010dica.<\/p>\n<p>&nbsp;<\/p>\n","protected":false},"excerpt":{"rendered":"<p>CX4 Storm je bil razvit za uporabo v povezavi z&nbsp;Beretta&nbsp;polavtomatskih pi\u0161tol.&nbsp;Na primer,nabojniki od&nbsp; &nbsp;Berette 92FS se lahko uporablja v CX4.&nbsp; Ni potrebno imeti&nbsp; lo\u010dene nabojnike&nbsp; za pu\u0161ko in pi\u0161tolo in&nbsp; omogo\u010da osebi, da opravlja ve\u010d streliva brez dodajanja te\u017ee. Beretta CX4 Storm&nbsp;je&nbsp;karabin &nbsp;usmerjen na \u0161port , osebne za\u0161\u010dite in kazenskega<a href=\"https:\/\/cpskrsko.si\/?page_id=182\" class=\"read-more\">Read the rest of this page &raquo;<\/a><\/p>\n","protected":false},"author":1,"featured_media":183,"parent":195,"menu_order":0,"comment_status":"open","ping_status":"open","template":"","meta":{"ngg_post_thumbnail":0,"footnotes":""},"class_list":["post-182","page","type-page","status-publish","has-post-thumbnail","hentry"],"yoast_head":"<!-- This site is optimized with the Yoast SEO plugin v27.4 - https:\/\/yoast.com\/product\/yoast-seo-wordpress\/ -->\n<title>Beretta CX4 Storm<\/title>\n<meta name=\"robots\" content=\"index, follow, max-snippet:-1, max-image-preview:large, max-video-preview:-1\" \/>\n<link rel=\"canonical\" href=\"https:\/\/cpskrsko.si\/?page_id=182\" \/>\n<meta property=\"og:locale\" content=\"sl_SI\" \/>\n<meta property=\"og:type\" content=\"article\" \/>\n<meta property=\"og:title\" content=\"Beretta CX4 Storm\" \/>\n<meta property=\"og:description\" content=\"CX4 Storm je bil razvit za uporabo v povezavi z&nbsp;Beretta&nbsp;polavtomatskih pi\u0161tol.&nbsp;Na primer,nabojniki od&nbsp; &nbsp;Berette 92FS se lahko uporablja v CX4.&nbsp; Ni potrebno imeti&nbsp; lo\u010dene nabojnike&nbsp; za pu\u0161ko in pi\u0161tolo in&nbsp; omogo\u010da osebi, da opravlja ve\u010d streliva brez dodajanja te\u017ee. Beretta CX4 Storm&nbsp;je&nbsp;karabin &nbsp;usmerjen na \u0161port , osebne za\u0161\u010dite in kazenskegaRead the rest of this page &raquo;\" \/>\n<meta property=\"og:url\" content=\"https:\/\/cpskrsko.si\/?page_id=182\" \/>\n<meta property=\"og:site_name\" content=\"CPS Kr\u0161ko\" \/>\n<meta property=\"article:publisher\" content=\"http:\/\/facebook.com\/cpskrsko\" \/>\n<meta property=\"article:modified_time\" content=\"2018-03-25T19:48:47+00:00\" \/>\n<meta property=\"og:image\" content=\"http:\/\/cpskrsko.si\/wp-content\/uploads\/2015\/02\/Beretta-CX4-Storm.jpg\" \/>\n\t<meta property=\"og:image:width\" content=\"939\" \/>\n\t<meta property=\"og:image:height\" content=\"426\" \/>\n\t<meta property=\"og:image:type\" content=\"image\/jpeg\" \/>\n<meta name=\"twitter:label1\" content=\"Est. reading time\" \/>\n\t<meta name=\"twitter:data1\" content=\"1 minuta\" \/>\n<script type=\"application\/ld+json\" class=\"yoast-schema-graph\">{\"@context\":\"https:\\\/\\\/schema.org\",\"@graph\":[{\"@type\":\"WebPage\",\"@id\":\"https:\\\/\\\/cpskrsko.si\\\/?page_id=182\",\"url\":\"https:\\\/\\\/cpskrsko.si\\\/?page_id=182\",\"name\":\"Beretta CX4 Storm\",\"isPartOf\":{\"@id\":\"https:\\\/\\\/cpskrsko.si\\\/#website\"},\"primaryImageOfPage\":{\"@id\":\"https:\\\/\\\/cpskrsko.si\\\/?page_id=182#primaryimage\"},\"image\":{\"@id\":\"https:\\\/\\\/cpskrsko.si\\\/?page_id=182#primaryimage\"},\"thumbnailUrl\":\"https:\\\/\\\/cpskrsko.si\\\/wp-content\\\/uploads\\\/2015\\\/02\\\/Beretta-CX4-Storm.jpg\",\"datePublished\":\"2015-02-13T07:51:02+00:00\",\"dateModified\":\"2018-03-25T19:48:47+00:00\",\"breadcrumb\":{\"@id\":\"https:\\\/\\\/cpskrsko.si\\\/?page_id=182#breadcrumb\"},\"inLanguage\":\"sl-SI\",\"potentialAction\":[{\"@type\":\"ReadAction\",\"target\":[\"https:\\\/\\\/cpskrsko.si\\\/?page_id=182\"]}]},{\"@type\":\"ImageObject\",\"inLanguage\":\"sl-SI\",\"@id\":\"https:\\\/\\\/cpskrsko.si\\\/?page_id=182#primaryimage\",\"url\":\"https:\\\/\\\/cpskrsko.si\\\/wp-content\\\/uploads\\\/2015\\\/02\\\/Beretta-CX4-Storm.jpg\",\"contentUrl\":\"https:\\\/\\\/cpskrsko.si\\\/wp-content\\\/uploads\\\/2015\\\/02\\\/Beretta-CX4-Storm.jpg\",\"width\":939,\"height\":426},{\"@type\":\"BreadcrumbList\",\"@id\":\"https:\\\/\\\/cpskrsko.si\\\/?page_id=182#breadcrumb\",\"itemListElement\":[{\"@type\":\"ListItem\",\"position\":1,\"name\":\"Home\",\"item\":\"https:\\\/\\\/cpskrsko.si\\\/\"},{\"@type\":\"ListItem\",\"position\":2,\"name\":\"IPSC\",\"item\":\"https:\\\/\\\/cpskrsko.si\\\/?page_id=77\"},{\"@type\":\"ListItem\",\"position\":3,\"name\":\"Oprema\",\"item\":\"https:\\\/\\\/cpskrsko.si\\\/?page_id=195\"},{\"@type\":\"ListItem\",\"position\":4,\"name\":\"BERETTA CX4 Storm\"}]},{\"@type\":\"WebSite\",\"@id\":\"https:\\\/\\\/cpskrsko.si\\\/#website\",\"url\":\"https:\\\/\\\/cpskrsko.si\\\/\",\"name\":\"CPS Kr\u0161ko\",\"description\":\"Klub prakti\u010dnega streljanja KR\u0160KO\",\"potentialAction\":[{\"@type\":\"SearchAction\",\"target\":{\"@type\":\"EntryPoint\",\"urlTemplate\":\"https:\\\/\\\/cpskrsko.si\\\/?s={search_term_string}\"},\"query-input\":{\"@type\":\"PropertyValueSpecification\",\"valueRequired\":true,\"valueName\":\"search_term_string\"}}],\"inLanguage\":\"sl-SI\"}]}<\/script>\n<!-- \/ Yoast SEO plugin. -->","yoast_head_json":{"title":"Beretta CX4 Storm","robots":{"index":"index","follow":"follow","max-snippet":"max-snippet:-1","max-image-preview":"max-image-preview:large","max-video-preview":"max-video-preview:-1"},"canonical":"https:\/\/cpskrsko.si\/?page_id=182","og_locale":"sl_SI","og_type":"article","og_title":"Beretta CX4 Storm","og_description":"CX4 Storm je bil razvit za uporabo v povezavi z&nbsp;Beretta&nbsp;polavtomatskih pi\u0161tol.&nbsp;Na primer,nabojniki od&nbsp; &nbsp;Berette 92FS se lahko uporablja v CX4.&nbsp; Ni potrebno imeti&nbsp; lo\u010dene nabojnike&nbsp; za pu\u0161ko in pi\u0161tolo in&nbsp; omogo\u010da osebi, da opravlja ve\u010d streliva brez dodajanja te\u017ee. Beretta CX4 Storm&nbsp;je&nbsp;karabin &nbsp;usmerjen na \u0161port , osebne za\u0161\u010dite in kazenskegaRead the rest of this page &raquo;","og_url":"https:\/\/cpskrsko.si\/?page_id=182","og_site_name":"CPS Kr\u0161ko","article_publisher":"http:\/\/facebook.com\/cpskrsko","article_modified_time":"2018-03-25T19:48:47+00:00","og_image":[{"width":939,"height":426,"url":"http:\/\/cpskrsko.si\/wp-content\/uploads\/2015\/02\/Beretta-CX4-Storm.jpg","type":"image\/jpeg"}],"twitter_misc":{"Est. reading time":"1 minuta"},"schema":{"@context":"https:\/\/schema.org","@graph":[{"@type":"WebPage","@id":"https:\/\/cpskrsko.si\/?page_id=182","url":"https:\/\/cpskrsko.si\/?page_id=182","name":"Beretta CX4 Storm","isPartOf":{"@id":"https:\/\/cpskrsko.si\/#website"},"primaryImageOfPage":{"@id":"https:\/\/cpskrsko.si\/?page_id=182#primaryimage"},"image":{"@id":"https:\/\/cpskrsko.si\/?page_id=182#primaryimage"},"thumbnailUrl":"https:\/\/cpskrsko.si\/wp-content\/uploads\/2015\/02\/Beretta-CX4-Storm.jpg","datePublished":"2015-02-13T07:51:02+00:00","dateModified":"2018-03-25T19:48:47+00:00","breadcrumb":{"@id":"https:\/\/cpskrsko.si\/?page_id=182#breadcrumb"},"inLanguage":"sl-SI","potentialAction":[{"@type":"ReadAction","target":["https:\/\/cpskrsko.si\/?page_id=182"]}]},{"@type":"ImageObject","inLanguage":"sl-SI","@id":"https:\/\/cpskrsko.si\/?page_id=182#primaryimage","url":"https:\/\/cpskrsko.si\/wp-content\/uploads\/2015\/02\/Beretta-CX4-Storm.jpg","contentUrl":"https:\/\/cpskrsko.si\/wp-content\/uploads\/2015\/02\/Beretta-CX4-Storm.jpg","width":939,"height":426},{"@type":"BreadcrumbList","@id":"https:\/\/cpskrsko.si\/?page_id=182#breadcrumb","itemListElement":[{"@type":"ListItem","position":1,"name":"Home","item":"https:\/\/cpskrsko.si\/"},{"@type":"ListItem","position":2,"name":"IPSC","item":"https:\/\/cpskrsko.si\/?page_id=77"},{"@type":"ListItem","position":3,"name":"Oprema","item":"https:\/\/cpskrsko.si\/?page_id=195"},{"@type":"ListItem","position":4,"name":"BERETTA CX4 Storm"}]},{"@type":"WebSite","@id":"https:\/\/cpskrsko.si\/#website","url":"https:\/\/cpskrsko.si\/","name":"CPS Kr\u0161ko","description":"Klub prakti\u010dnega streljanja KR\u0160KO","potentialAction":[{"@type":"SearchAction","target":{"@type":"EntryPoint","urlTemplate":"https:\/\/cpskrsko.si\/?s={search_term_string}"},"query-input":{"@type":"PropertyValueSpecification","valueRequired":true,"valueName":"search_term_string"}}],"inLanguage":"sl-SI"}]}},"_links":{"self":[{"href":"https:\/\/cpskrsko.si\/index.php?rest_route=\/wp\/v2\/pages\/182","targetHints":{"allow":["GET"]}}],"collection":[{"href":"https:\/\/cpskrsko.si\/index.php?rest_route=\/wp\/v2\/pages"}],"about":[{"href":"https:\/\/cpskrsko.si\/index.php?rest_route=\/wp\/v2\/types\/page"}],"author":[{"embeddable":true,"href":"https:\/\/cpskrsko.si\/index.php?rest_route=\/wp\/v2\/users\/1"}],"replies":[{"embeddable":true,"href":"https:\/\/cpskrsko.si\/index.php?rest_route=%2Fwp%2Fv2%2Fcomments&post=182"}],"version-history":[{"count":3,"href":"https:\/\/cpskrsko.si\/index.php?rest_route=\/wp\/v2\/pages\/182\/revisions"}],"predecessor-version":[{"id":1211,"href":"https:\/\/cpskrsko.si\/index.php?rest_route=\/wp\/v2\/pages\/182\/revisions\/1211"}],"up":[{"embeddable":true,"href":"https:\/\/cpskrsko.si\/index.php?rest_route=\/wp\/v2\/pages\/195"}],"wp:featuredmedia":[{"embeddable":true,"href":"https:\/\/cpskrsko.si\/index.php?rest_route=\/wp\/v2\/media\/183"}],"wp:attachment":[{"href":"https:\/\/cpskrsko.si\/index.php?rest_route=%2Fwp%2Fv2%2Fmedia&parent=182"}],"curies":[{"name":"wp","href":"https:\/\/api.w.org\/{rel}","templated":true}]}}