{"id":168,"date":"2015-02-13T08:40:44","date_gmt":"2015-02-13T07:40:44","guid":{"rendered":"http:\/\/cpsstrelec.si\/?page_id=168"},"modified":"2015-02-13T09:20:11","modified_gmt":"2015-02-13T08:20:11","slug":"cz-75-ts","status":"publish","type":"page","link":"https:\/\/cpskrsko.si\/?page_id=168","title":{"rendered":"CZ 75 TS"},"content":{"rendered":"<p>Narejena  za IPSC tekmovanja.<br \/>\nV CZ 75 TS (Tactical Sports) je polavtomatska pi\u0161tola. Pi\u0161tola  je namenjena konkuren\u010dnem  streljanju v skladu s  pravili in predpisi s svetovno IPSC . Pi\u0161tola omogo\u010dajo hitro in natan\u010dno streljanje v zelo kratkem \u010dasu.<br \/>\nCZ 75 TS Pi\u0161tola Model zasnova izhaja iz standardnega CZ 75 modela. Vendar pa je ta model funkcija \u0161tevilo posebnih modifikacij, ki so obi\u010dajno potrebna za konkuren\u010dne pi\u0161tole :<br \/>\n\u2022\tenkratno dejanje spro\u017eilega  mehanizema (SA)<br \/>\n\u2022\t\u0161portno kladivo, posebej prirejeno za zni\u017eano  potezno te\u017eo spro\u017eilca<br \/>\n\u2022\traz\u0161irjena revija prijema  &#8211; grip plo\u0161\u010de iz orehovega lesa<br \/>\n\u2022\t Lijak  iz plastike, za hitro vstavljanje nabojnikov<br \/>\n\u2022\tGlossy modra slide, srebrn polycoat okvir.<\/p>\n","protected":false},"excerpt":{"rendered":"<p>Narejena za IPSC tekmovanja. V CZ 75 TS (Tactical Sports) je polavtomatska pi\u0161tola. Pi\u0161tola je namenjena konkuren\u010dnem streljanju v skladu s pravili in predpisi s svetovno IPSC . Pi\u0161tola omogo\u010dajo hitro in natan\u010dno streljanje v zelo kratkem \u010dasu. CZ 75 TS Pi\u0161tola Model zasnova izhaja iz standardnega CZ 75 modela.<a href=\"https:\/\/cpskrsko.si\/?page_id=168\" class=\"read-more\">Read the rest of this page &raquo;<\/a><\/p>\n","protected":false},"author":1,"featured_media":169,"parent":195,"menu_order":0,"comment_status":"open","ping_status":"open","template":"","meta":{"ngg_post_thumbnail":0,"footnotes":""},"class_list":["post-168","page","type-page","status-publish","has-post-thumbnail","hentry"],"yoast_head":"<!-- This site is optimized with the Yoast SEO plugin v27.4 - https:\/\/yoast.com\/product\/yoast-seo-wordpress\/ -->\n<title>CZ 75 TS<\/title>\n<meta name=\"robots\" content=\"index, follow, max-snippet:-1, max-image-preview:large, max-video-preview:-1\" \/>\n<link rel=\"canonical\" href=\"https:\/\/cpskrsko.si\/?page_id=168\" \/>\n<meta property=\"og:locale\" content=\"sl_SI\" \/>\n<meta property=\"og:type\" content=\"article\" \/>\n<meta property=\"og:title\" content=\"CZ 75 TS\" \/>\n<meta property=\"og:description\" content=\"Narejena za IPSC tekmovanja. V CZ 75 TS (Tactical Sports) je polavtomatska pi\u0161tola. Pi\u0161tola je namenjena konkuren\u010dnem streljanju v skladu s pravili in predpisi s svetovno IPSC . Pi\u0161tola omogo\u010dajo hitro in natan\u010dno streljanje v zelo kratkem \u010dasu. CZ 75 TS Pi\u0161tola Model zasnova izhaja iz standardnega CZ 75 modela.Read the rest of this page &raquo;\" \/>\n<meta property=\"og:url\" content=\"https:\/\/cpskrsko.si\/?page_id=168\" \/>\n<meta property=\"og:site_name\" content=\"CPS Kr\u0161ko\" \/>\n<meta property=\"article:publisher\" content=\"http:\/\/facebook.com\/cpskrsko\" \/>\n<meta property=\"article:modified_time\" content=\"2015-02-13T08:20:11+00:00\" \/>\n<meta property=\"og:image\" content=\"http:\/\/cpskrsko.si\/wp-content\/uploads\/2015\/02\/cz_taktikal.jpg\" \/>\n\t<meta property=\"og:image:width\" content=\"543\" \/>\n\t<meta property=\"og:image:height\" content=\"338\" \/>\n\t<meta property=\"og:image:type\" content=\"image\/jpeg\" \/>\n<meta name=\"twitter:label1\" content=\"Est. reading time\" \/>\n\t<meta name=\"twitter:data1\" content=\"1 minuta\" \/>\n<script type=\"application\/ld+json\" class=\"yoast-schema-graph\">{\"@context\":\"https:\\\/\\\/schema.org\",\"@graph\":[{\"@type\":\"WebPage\",\"@id\":\"https:\\\/\\\/cpskrsko.si\\\/?page_id=168\",\"url\":\"https:\\\/\\\/cpskrsko.si\\\/?page_id=168\",\"name\":\"CZ 75 TS\",\"isPartOf\":{\"@id\":\"https:\\\/\\\/cpskrsko.si\\\/#website\"},\"primaryImageOfPage\":{\"@id\":\"https:\\\/\\\/cpskrsko.si\\\/?page_id=168#primaryimage\"},\"image\":{\"@id\":\"https:\\\/\\\/cpskrsko.si\\\/?page_id=168#primaryimage\"},\"thumbnailUrl\":\"https:\\\/\\\/cpskrsko.si\\\/wp-content\\\/uploads\\\/2015\\\/02\\\/cz_taktikal.jpg\",\"datePublished\":\"2015-02-13T07:40:44+00:00\",\"dateModified\":\"2015-02-13T08:20:11+00:00\",\"breadcrumb\":{\"@id\":\"https:\\\/\\\/cpskrsko.si\\\/?page_id=168#breadcrumb\"},\"inLanguage\":\"sl-SI\",\"potentialAction\":[{\"@type\":\"ReadAction\",\"target\":[\"https:\\\/\\\/cpskrsko.si\\\/?page_id=168\"]}]},{\"@type\":\"ImageObject\",\"inLanguage\":\"sl-SI\",\"@id\":\"https:\\\/\\\/cpskrsko.si\\\/?page_id=168#primaryimage\",\"url\":\"https:\\\/\\\/cpskrsko.si\\\/wp-content\\\/uploads\\\/2015\\\/02\\\/cz_taktikal.jpg\",\"contentUrl\":\"https:\\\/\\\/cpskrsko.si\\\/wp-content\\\/uploads\\\/2015\\\/02\\\/cz_taktikal.jpg\",\"width\":543,\"height\":338},{\"@type\":\"BreadcrumbList\",\"@id\":\"https:\\\/\\\/cpskrsko.si\\\/?page_id=168#breadcrumb\",\"itemListElement\":[{\"@type\":\"ListItem\",\"position\":1,\"name\":\"Home\",\"item\":\"https:\\\/\\\/cpskrsko.si\\\/\"},{\"@type\":\"ListItem\",\"position\":2,\"name\":\"IPSC\",\"item\":\"https:\\\/\\\/cpskrsko.si\\\/?page_id=77\"},{\"@type\":\"ListItem\",\"position\":3,\"name\":\"Oprema\",\"item\":\"https:\\\/\\\/cpskrsko.si\\\/?page_id=195\"},{\"@type\":\"ListItem\",\"position\":4,\"name\":\"CZ 75 TS\"}]},{\"@type\":\"WebSite\",\"@id\":\"https:\\\/\\\/cpskrsko.si\\\/#website\",\"url\":\"https:\\\/\\\/cpskrsko.si\\\/\",\"name\":\"CPS Kr\u0161ko\",\"description\":\"Klub prakti\u010dnega streljanja KR\u0160KO\",\"potentialAction\":[{\"@type\":\"SearchAction\",\"target\":{\"@type\":\"EntryPoint\",\"urlTemplate\":\"https:\\\/\\\/cpskrsko.si\\\/?s={search_term_string}\"},\"query-input\":{\"@type\":\"PropertyValueSpecification\",\"valueRequired\":true,\"valueName\":\"search_term_string\"}}],\"inLanguage\":\"sl-SI\"}]}<\/script>\n<!-- \/ Yoast SEO plugin. -->","yoast_head_json":{"title":"CZ 75 TS","robots":{"index":"index","follow":"follow","max-snippet":"max-snippet:-1","max-image-preview":"max-image-preview:large","max-video-preview":"max-video-preview:-1"},"canonical":"https:\/\/cpskrsko.si\/?page_id=168","og_locale":"sl_SI","og_type":"article","og_title":"CZ 75 TS","og_description":"Narejena za IPSC tekmovanja. V CZ 75 TS (Tactical Sports) je polavtomatska pi\u0161tola. Pi\u0161tola je namenjena konkuren\u010dnem streljanju v skladu s pravili in predpisi s svetovno IPSC . Pi\u0161tola omogo\u010dajo hitro in natan\u010dno streljanje v zelo kratkem \u010dasu. CZ 75 TS Pi\u0161tola Model zasnova izhaja iz standardnega CZ 75 modela.Read the rest of this page &raquo;","og_url":"https:\/\/cpskrsko.si\/?page_id=168","og_site_name":"CPS Kr\u0161ko","article_publisher":"http:\/\/facebook.com\/cpskrsko","article_modified_time":"2015-02-13T08:20:11+00:00","og_image":[{"width":543,"height":338,"url":"http:\/\/cpskrsko.si\/wp-content\/uploads\/2015\/02\/cz_taktikal.jpg","type":"image\/jpeg"}],"twitter_misc":{"Est. reading time":"1 minuta"},"schema":{"@context":"https:\/\/schema.org","@graph":[{"@type":"WebPage","@id":"https:\/\/cpskrsko.si\/?page_id=168","url":"https:\/\/cpskrsko.si\/?page_id=168","name":"CZ 75 TS","isPartOf":{"@id":"https:\/\/cpskrsko.si\/#website"},"primaryImageOfPage":{"@id":"https:\/\/cpskrsko.si\/?page_id=168#primaryimage"},"image":{"@id":"https:\/\/cpskrsko.si\/?page_id=168#primaryimage"},"thumbnailUrl":"https:\/\/cpskrsko.si\/wp-content\/uploads\/2015\/02\/cz_taktikal.jpg","datePublished":"2015-02-13T07:40:44+00:00","dateModified":"2015-02-13T08:20:11+00:00","breadcrumb":{"@id":"https:\/\/cpskrsko.si\/?page_id=168#breadcrumb"},"inLanguage":"sl-SI","potentialAction":[{"@type":"ReadAction","target":["https:\/\/cpskrsko.si\/?page_id=168"]}]},{"@type":"ImageObject","inLanguage":"sl-SI","@id":"https:\/\/cpskrsko.si\/?page_id=168#primaryimage","url":"https:\/\/cpskrsko.si\/wp-content\/uploads\/2015\/02\/cz_taktikal.jpg","contentUrl":"https:\/\/cpskrsko.si\/wp-content\/uploads\/2015\/02\/cz_taktikal.jpg","width":543,"height":338},{"@type":"BreadcrumbList","@id":"https:\/\/cpskrsko.si\/?page_id=168#breadcrumb","itemListElement":[{"@type":"ListItem","position":1,"name":"Home","item":"https:\/\/cpskrsko.si\/"},{"@type":"ListItem","position":2,"name":"IPSC","item":"https:\/\/cpskrsko.si\/?page_id=77"},{"@type":"ListItem","position":3,"name":"Oprema","item":"https:\/\/cpskrsko.si\/?page_id=195"},{"@type":"ListItem","position":4,"name":"CZ 75 TS"}]},{"@type":"WebSite","@id":"https:\/\/cpskrsko.si\/#website","url":"https:\/\/cpskrsko.si\/","name":"CPS Kr\u0161ko","description":"Klub prakti\u010dnega streljanja KR\u0160KO","potentialAction":[{"@type":"SearchAction","target":{"@type":"EntryPoint","urlTemplate":"https:\/\/cpskrsko.si\/?s={search_term_string}"},"query-input":{"@type":"PropertyValueSpecification","valueRequired":true,"valueName":"search_term_string"}}],"inLanguage":"sl-SI"}]}},"_links":{"self":[{"href":"https:\/\/cpskrsko.si\/index.php?rest_route=\/wp\/v2\/pages\/168","targetHints":{"allow":["GET"]}}],"collection":[{"href":"https:\/\/cpskrsko.si\/index.php?rest_route=\/wp\/v2\/pages"}],"about":[{"href":"https:\/\/cpskrsko.si\/index.php?rest_route=\/wp\/v2\/types\/page"}],"author":[{"embeddable":true,"href":"https:\/\/cpskrsko.si\/index.php?rest_route=\/wp\/v2\/users\/1"}],"replies":[{"embeddable":true,"href":"https:\/\/cpskrsko.si\/index.php?rest_route=%2Fwp%2Fv2%2Fcomments&post=168"}],"version-history":[{"count":2,"href":"https:\/\/cpskrsko.si\/index.php?rest_route=\/wp\/v2\/pages\/168\/revisions"}],"predecessor-version":[{"id":171,"href":"https:\/\/cpskrsko.si\/index.php?rest_route=\/wp\/v2\/pages\/168\/revisions\/171"}],"up":[{"embeddable":true,"href":"https:\/\/cpskrsko.si\/index.php?rest_route=\/wp\/v2\/pages\/195"}],"wp:featuredmedia":[{"embeddable":true,"href":"https:\/\/cpskrsko.si\/index.php?rest_route=\/wp\/v2\/media\/169"}],"wp:attachment":[{"href":"https:\/\/cpskrsko.si\/index.php?rest_route=%2Fwp%2Fv2%2Fmedia&parent=168"}],"curies":[{"name":"wp","href":"https:\/\/api.w.org\/{rel}","templated":true}]}}