{"id":1339,"date":"2018-03-31T11:12:51","date_gmt":"2018-03-31T09:12:51","guid":{"rendered":"http:\/\/cpsstrelec.si\/?page_id=1339"},"modified":"2026-04-09T07:40:16","modified_gmt":"2026-04-09T05:40:16","slug":"usmeritev","status":"publish","type":"page","link":"https:\/\/cpskrsko.si\/?page_id=1339","title":{"rendered":"Usmeritev"},"content":{"rendered":"<p>Letni cilji oziroma usmeritve kluba so bili predstavljeni in potrjeni na <a href=\"https:\/\/cpskrsko.si\/?attachment_id=2386\">rednem zboru \u010dlanov<\/a>, ki je potekal 20.03.2025. Detalji so predstavljeni v <a href=\"https:\/\/cpskrsko.si\/?attachment_id=2388\" target=\"_blank\" rel=\"noopener noreferrer\">Programu dela<\/a>, strjen povzetek pa je slede\u010d:<\/p>\n<ol>\n<li>Podpora tekmovalcem pri udele\u017ebi na skupinskih trening tekmah.<\/li>\n<li>Podpora tekmovalcem pri udejstvovanju na tekmovanjih v okviru SZPS in ASZS.<\/li>\n<li>Ureditev obstoje\u010dega streli\u0161\u010da Zakov:\n<ul>\n<li>ograditev klubske nadstre\u0161nice in omejitev dostopa<\/li>\n<li>vzpostavitev elektronske registracije uporabnikov<\/li>\n<li>nadgradnja WiFi omre\u017eja za potrebe nadzora MOKK<\/li>\n<li>raz\u0161iritev sistema videonadzora streli\u0161\u010da<\/li>\n<li>uspostaviti novo strelsko progo skladno z dogovorom med uporabniki streli\u0161\u010da<\/li>\n<\/ul>\n<\/li>\n<li>Zagotoviti dodatne strelske rekvizite (tar\u010de, opremo) za la\u017eje izvajanje treningov in tekem.<\/li>\n<li>Izvajati osnovna usposbljanja za nove \u010dlane, jim s tem pribli\u017eati strelstvo, jih pou\u010diti o varnosti na streli\u0161\u010du in s tem dvigniti skupno varnost v panogi.<\/li>\n<li>Izvesti tekmo pokalnega prvenstva SZPS nivoja 2 ali tekmo prvenstva ASZS tir 1.<\/li>\n<\/ol>\n","protected":false},"excerpt":{"rendered":"<p>Letni cilji oziroma usmeritve kluba so bili predstavljeni in potrjeni na rednem zboru \u010dlanov, ki je potekal 20.03.2025. Detalji so predstavljeni v Programu dela, strjen povzetek pa je slede\u010d: Podpora tekmovalcem pri udele\u017ebi na skupinskih trening tekmah. Podpora tekmovalcem pri udejstvovanju na tekmovanjih v okviru SZPS in ASZS. Ureditev obstoje\u010dega<a href=\"https:\/\/cpskrsko.si\/?page_id=1339\" class=\"read-more\">Read the rest of this page &raquo;<\/a><\/p>\n","protected":false},"author":299842,"featured_media":0,"parent":50,"menu_order":3,"comment_status":"closed","ping_status":"closed","template":"fullwidth.php","meta":{"ngg_post_thumbnail":0,"footnotes":""},"class_list":["post-1339","page","type-page","status-publish","hentry"],"yoast_head":"<!-- This site is optimized with the Yoast SEO plugin v27.4 - https:\/\/yoast.com\/product\/yoast-seo-wordpress\/ -->\n<title>Usmeritev - CPS Kr\u0161ko<\/title>\n<meta name=\"robots\" content=\"index, follow, max-snippet:-1, max-image-preview:large, max-video-preview:-1\" \/>\n<link rel=\"canonical\" href=\"https:\/\/cpskrsko.si\/?page_id=1339\" \/>\n<meta property=\"og:locale\" content=\"sl_SI\" \/>\n<meta property=\"og:type\" content=\"article\" \/>\n<meta property=\"og:title\" content=\"Usmeritev - CPS Kr\u0161ko\" \/>\n<meta property=\"og:description\" content=\"Letni cilji oziroma usmeritve kluba so bili predstavljeni in potrjeni na rednem zboru \u010dlanov, ki je potekal 20.03.2025. Detalji so predstavljeni v Programu dela, strjen povzetek pa je slede\u010d: Podpora tekmovalcem pri udele\u017ebi na skupinskih trening tekmah. Podpora tekmovalcem pri udejstvovanju na tekmovanjih v okviru SZPS in ASZS. Ureditev obstoje\u010degaRead the rest of this page &raquo;\" \/>\n<meta property=\"og:url\" content=\"https:\/\/cpskrsko.si\/?page_id=1339\" \/>\n<meta property=\"og:site_name\" content=\"CPS Kr\u0161ko\" \/>\n<meta property=\"article:publisher\" content=\"http:\/\/facebook.com\/cpskrsko\" \/>\n<meta property=\"article:modified_time\" content=\"2026-04-09T05:40:16+00:00\" \/>\n<meta name=\"twitter:label1\" content=\"Est. reading time\" \/>\n\t<meta name=\"twitter:data1\" content=\"1 minuta\" \/>\n<script type=\"application\/ld+json\" class=\"yoast-schema-graph\">{\"@context\":\"https:\\\/\\\/schema.org\",\"@graph\":[{\"@type\":\"WebPage\",\"@id\":\"https:\\\/\\\/cpskrsko.si\\\/?page_id=1339\",\"url\":\"https:\\\/\\\/cpskrsko.si\\\/?page_id=1339\",\"name\":\"Usmeritev - CPS Kr\u0161ko\",\"isPartOf\":{\"@id\":\"https:\\\/\\\/cpskrsko.si\\\/#website\"},\"datePublished\":\"2018-03-31T09:12:51+00:00\",\"dateModified\":\"2026-04-09T05:40:16+00:00\",\"breadcrumb\":{\"@id\":\"https:\\\/\\\/cpskrsko.si\\\/?page_id=1339#breadcrumb\"},\"inLanguage\":\"sl-SI\",\"potentialAction\":[{\"@type\":\"ReadAction\",\"target\":[\"https:\\\/\\\/cpskrsko.si\\\/?page_id=1339\"]}]},{\"@type\":\"BreadcrumbList\",\"@id\":\"https:\\\/\\\/cpskrsko.si\\\/?page_id=1339#breadcrumb\",\"itemListElement\":[{\"@type\":\"ListItem\",\"position\":1,\"name\":\"Home\",\"item\":\"https:\\\/\\\/cpskrsko.si\\\/\"},{\"@type\":\"ListItem\",\"position\":2,\"name\":\"O NAS\",\"item\":\"https:\\\/\\\/cpskrsko.si\\\/?page_id=50\"},{\"@type\":\"ListItem\",\"position\":3,\"name\":\"Usmeritev\"}]},{\"@type\":\"WebSite\",\"@id\":\"https:\\\/\\\/cpskrsko.si\\\/#website\",\"url\":\"https:\\\/\\\/cpskrsko.si\\\/\",\"name\":\"CPS Kr\u0161ko\",\"description\":\"Klub prakti\u010dnega streljanja KR\u0160KO\",\"potentialAction\":[{\"@type\":\"SearchAction\",\"target\":{\"@type\":\"EntryPoint\",\"urlTemplate\":\"https:\\\/\\\/cpskrsko.si\\\/?s={search_term_string}\"},\"query-input\":{\"@type\":\"PropertyValueSpecification\",\"valueRequired\":true,\"valueName\":\"search_term_string\"}}],\"inLanguage\":\"sl-SI\"}]}<\/script>\n<!-- \/ Yoast SEO plugin. -->","yoast_head_json":{"title":"Usmeritev - CPS Kr\u0161ko","robots":{"index":"index","follow":"follow","max-snippet":"max-snippet:-1","max-image-preview":"max-image-preview:large","max-video-preview":"max-video-preview:-1"},"canonical":"https:\/\/cpskrsko.si\/?page_id=1339","og_locale":"sl_SI","og_type":"article","og_title":"Usmeritev - CPS Kr\u0161ko","og_description":"Letni cilji oziroma usmeritve kluba so bili predstavljeni in potrjeni na rednem zboru \u010dlanov, ki je potekal 20.03.2025. Detalji so predstavljeni v Programu dela, strjen povzetek pa je slede\u010d: Podpora tekmovalcem pri udele\u017ebi na skupinskih trening tekmah. Podpora tekmovalcem pri udejstvovanju na tekmovanjih v okviru SZPS in ASZS. Ureditev obstoje\u010degaRead the rest of this page &raquo;","og_url":"https:\/\/cpskrsko.si\/?page_id=1339","og_site_name":"CPS Kr\u0161ko","article_publisher":"http:\/\/facebook.com\/cpskrsko","article_modified_time":"2026-04-09T05:40:16+00:00","twitter_misc":{"Est. reading time":"1 minuta"},"schema":{"@context":"https:\/\/schema.org","@graph":[{"@type":"WebPage","@id":"https:\/\/cpskrsko.si\/?page_id=1339","url":"https:\/\/cpskrsko.si\/?page_id=1339","name":"Usmeritev - CPS Kr\u0161ko","isPartOf":{"@id":"https:\/\/cpskrsko.si\/#website"},"datePublished":"2018-03-31T09:12:51+00:00","dateModified":"2026-04-09T05:40:16+00:00","breadcrumb":{"@id":"https:\/\/cpskrsko.si\/?page_id=1339#breadcrumb"},"inLanguage":"sl-SI","potentialAction":[{"@type":"ReadAction","target":["https:\/\/cpskrsko.si\/?page_id=1339"]}]},{"@type":"BreadcrumbList","@id":"https:\/\/cpskrsko.si\/?page_id=1339#breadcrumb","itemListElement":[{"@type":"ListItem","position":1,"name":"Home","item":"https:\/\/cpskrsko.si\/"},{"@type":"ListItem","position":2,"name":"O NAS","item":"https:\/\/cpskrsko.si\/?page_id=50"},{"@type":"ListItem","position":3,"name":"Usmeritev"}]},{"@type":"WebSite","@id":"https:\/\/cpskrsko.si\/#website","url":"https:\/\/cpskrsko.si\/","name":"CPS Kr\u0161ko","description":"Klub prakti\u010dnega streljanja KR\u0160KO","potentialAction":[{"@type":"SearchAction","target":{"@type":"EntryPoint","urlTemplate":"https:\/\/cpskrsko.si\/?s={search_term_string}"},"query-input":{"@type":"PropertyValueSpecification","valueRequired":true,"valueName":"search_term_string"}}],"inLanguage":"sl-SI"}]}},"_links":{"self":[{"href":"https:\/\/cpskrsko.si\/index.php?rest_route=\/wp\/v2\/pages\/1339","targetHints":{"allow":["GET"]}}],"collection":[{"href":"https:\/\/cpskrsko.si\/index.php?rest_route=\/wp\/v2\/pages"}],"about":[{"href":"https:\/\/cpskrsko.si\/index.php?rest_route=\/wp\/v2\/types\/page"}],"author":[{"embeddable":true,"href":"https:\/\/cpskrsko.si\/index.php?rest_route=\/wp\/v2\/users\/299842"}],"replies":[{"embeddable":true,"href":"https:\/\/cpskrsko.si\/index.php?rest_route=%2Fwp%2Fv2%2Fcomments&post=1339"}],"version-history":[{"count":16,"href":"https:\/\/cpskrsko.si\/index.php?rest_route=\/wp\/v2\/pages\/1339\/revisions"}],"predecessor-version":[{"id":2456,"href":"https:\/\/cpskrsko.si\/index.php?rest_route=\/wp\/v2\/pages\/1339\/revisions\/2456"}],"up":[{"embeddable":true,"href":"https:\/\/cpskrsko.si\/index.php?rest_route=\/wp\/v2\/pages\/50"}],"wp:attachment":[{"href":"https:\/\/cpskrsko.si\/index.php?rest_route=%2Fwp%2Fv2%2Fmedia&parent=1339"}],"curies":[{"name":"wp","href":"https:\/\/api.w.org\/{rel}","templated":true}]}}