{"id":1331,"date":"2018-03-29T22:59:01","date_gmt":"2018-03-29T20:59:01","guid":{"rendered":"http:\/\/cpsstrelec.si\/?page_id=1331"},"modified":"2026-04-09T07:37:25","modified_gmt":"2026-04-09T05:37:25","slug":"organi-drustva","status":"publish","type":"page","link":"https:\/\/cpskrsko.si\/?page_id=1331","title":{"rendered":"Organi dru\u0161tva"},"content":{"rendered":"<p>\u010clani dru\u0161tva so na volilnem zboru \u010dlanov, ki je potekal dne 26.03.2026 v gosti\u0161\u010du Pe\u010dnik, za mandatno odbodje 2026-2031 izvolili slede\u010de predstavnike v organe dru\u0161tva:<\/p>\n<p>&nbsp;<\/p>\n<h2>Izvr\u0161ilni odbor<\/h2>\n<ul>\n<li>Rok Bizjak (predsednik)<\/li>\n<li>Andrej Lek\u0161e (podpredsednik)<\/li>\n<li>Miran Jazbin\u0161ek<\/li>\n<li>Bogdan Ra\u010di\u010d<\/li>\n<li>Martin Postru\u017enik<\/li>\n<\/ul>\n<p>&nbsp;<\/p>\n<h2>Nadzorni odbor<\/h2>\n<ul>\n<li>\u017deljko Povh (predsednik)<\/li>\n<li>Franc Kolari\u010d<\/li>\n<li>Borut \u017dabkar<\/li>\n<\/ul>\n","protected":false},"excerpt":{"rendered":"<p>\u010clani dru\u0161tva so na volilnem zboru \u010dlanov, ki je potekal dne 26.03.2026 v gosti\u0161\u010du Pe\u010dnik, za mandatno odbodje 2026-2031 izvolili slede\u010de predstavnike v organe dru\u0161tva: &nbsp; Izvr\u0161ilni odbor Rok Bizjak (predsednik) Andrej Lek\u0161e (podpredsednik) Miran Jazbin\u0161ek Bogdan Ra\u010di\u010d Martin Postru\u017enik &nbsp; Nadzorni odbor \u017deljko Povh (predsednik) Franc Kolari\u010d Borut \u017dabkar<\/p>\n","protected":false},"author":299842,"featured_media":0,"parent":50,"menu_order":2,"comment_status":"closed","ping_status":"closed","template":"fullwidth.php","meta":{"ngg_post_thumbnail":0,"footnotes":""},"class_list":["post-1331","page","type-page","status-publish","hentry"],"yoast_head":"<!-- This site is optimized with the Yoast SEO plugin v27.4 - https:\/\/yoast.com\/product\/yoast-seo-wordpress\/ -->\n<title>Organi dru\u0161tva - CPS Kr\u0161ko<\/title>\n<meta name=\"robots\" content=\"index, follow, max-snippet:-1, max-image-preview:large, max-video-preview:-1\" \/>\n<link rel=\"canonical\" href=\"https:\/\/cpskrsko.si\/?page_id=1331\" \/>\n<meta property=\"og:locale\" content=\"sl_SI\" \/>\n<meta property=\"og:type\" content=\"article\" \/>\n<meta property=\"og:title\" content=\"Organi dru\u0161tva - CPS Kr\u0161ko\" \/>\n<meta property=\"og:description\" content=\"\u010clani dru\u0161tva so na volilnem zboru \u010dlanov, ki je potekal dne 26.03.2026 v gosti\u0161\u010du Pe\u010dnik, za mandatno odbodje 2026-2031 izvolili slede\u010de predstavnike v organe dru\u0161tva: &nbsp; Izvr\u0161ilni odbor Rok Bizjak (predsednik) Andrej Lek\u0161e (podpredsednik) Miran Jazbin\u0161ek Bogdan Ra\u010di\u010d Martin Postru\u017enik &nbsp; Nadzorni odbor \u017deljko Povh (predsednik) Franc Kolari\u010d Borut \u017dabkar\" \/>\n<meta property=\"og:url\" content=\"https:\/\/cpskrsko.si\/?page_id=1331\" \/>\n<meta property=\"og:site_name\" content=\"CPS Kr\u0161ko\" \/>\n<meta property=\"article:publisher\" content=\"http:\/\/facebook.com\/cpskrsko\" \/>\n<meta property=\"article:modified_time\" content=\"2026-04-09T05:37:25+00:00\" \/>\n<meta name=\"twitter:label1\" content=\"Est. reading time\" \/>\n\t<meta name=\"twitter:data1\" content=\"1 minuta\" \/>\n<script type=\"application\/ld+json\" class=\"yoast-schema-graph\">{\"@context\":\"https:\\\/\\\/schema.org\",\"@graph\":[{\"@type\":\"WebPage\",\"@id\":\"https:\\\/\\\/cpskrsko.si\\\/?page_id=1331\",\"url\":\"https:\\\/\\\/cpskrsko.si\\\/?page_id=1331\",\"name\":\"Organi dru\u0161tva - CPS Kr\u0161ko\",\"isPartOf\":{\"@id\":\"https:\\\/\\\/cpskrsko.si\\\/#website\"},\"datePublished\":\"2018-03-29T20:59:01+00:00\",\"dateModified\":\"2026-04-09T05:37:25+00:00\",\"breadcrumb\":{\"@id\":\"https:\\\/\\\/cpskrsko.si\\\/?page_id=1331#breadcrumb\"},\"inLanguage\":\"sl-SI\",\"potentialAction\":[{\"@type\":\"ReadAction\",\"target\":[\"https:\\\/\\\/cpskrsko.si\\\/?page_id=1331\"]}]},{\"@type\":\"BreadcrumbList\",\"@id\":\"https:\\\/\\\/cpskrsko.si\\\/?page_id=1331#breadcrumb\",\"itemListElement\":[{\"@type\":\"ListItem\",\"position\":1,\"name\":\"Home\",\"item\":\"https:\\\/\\\/cpskrsko.si\\\/\"},{\"@type\":\"ListItem\",\"position\":2,\"name\":\"O NAS\",\"item\":\"https:\\\/\\\/cpskrsko.si\\\/?page_id=50\"},{\"@type\":\"ListItem\",\"position\":3,\"name\":\"Organi dru\u0161tva\"}]},{\"@type\":\"WebSite\",\"@id\":\"https:\\\/\\\/cpskrsko.si\\\/#website\",\"url\":\"https:\\\/\\\/cpskrsko.si\\\/\",\"name\":\"CPS Kr\u0161ko\",\"description\":\"Klub prakti\u010dnega streljanja KR\u0160KO\",\"potentialAction\":[{\"@type\":\"SearchAction\",\"target\":{\"@type\":\"EntryPoint\",\"urlTemplate\":\"https:\\\/\\\/cpskrsko.si\\\/?s={search_term_string}\"},\"query-input\":{\"@type\":\"PropertyValueSpecification\",\"valueRequired\":true,\"valueName\":\"search_term_string\"}}],\"inLanguage\":\"sl-SI\"}]}<\/script>\n<!-- \/ Yoast SEO plugin. -->","yoast_head_json":{"title":"Organi dru\u0161tva - CPS Kr\u0161ko","robots":{"index":"index","follow":"follow","max-snippet":"max-snippet:-1","max-image-preview":"max-image-preview:large","max-video-preview":"max-video-preview:-1"},"canonical":"https:\/\/cpskrsko.si\/?page_id=1331","og_locale":"sl_SI","og_type":"article","og_title":"Organi dru\u0161tva - CPS Kr\u0161ko","og_description":"\u010clani dru\u0161tva so na volilnem zboru \u010dlanov, ki je potekal dne 26.03.2026 v gosti\u0161\u010du Pe\u010dnik, za mandatno odbodje 2026-2031 izvolili slede\u010de predstavnike v organe dru\u0161tva: &nbsp; Izvr\u0161ilni odbor Rok Bizjak (predsednik) Andrej Lek\u0161e (podpredsednik) Miran Jazbin\u0161ek Bogdan Ra\u010di\u010d Martin Postru\u017enik &nbsp; Nadzorni odbor \u017deljko Povh (predsednik) Franc Kolari\u010d Borut \u017dabkar","og_url":"https:\/\/cpskrsko.si\/?page_id=1331","og_site_name":"CPS Kr\u0161ko","article_publisher":"http:\/\/facebook.com\/cpskrsko","article_modified_time":"2026-04-09T05:37:25+00:00","twitter_misc":{"Est. reading time":"1 minuta"},"schema":{"@context":"https:\/\/schema.org","@graph":[{"@type":"WebPage","@id":"https:\/\/cpskrsko.si\/?page_id=1331","url":"https:\/\/cpskrsko.si\/?page_id=1331","name":"Organi dru\u0161tva - CPS Kr\u0161ko","isPartOf":{"@id":"https:\/\/cpskrsko.si\/#website"},"datePublished":"2018-03-29T20:59:01+00:00","dateModified":"2026-04-09T05:37:25+00:00","breadcrumb":{"@id":"https:\/\/cpskrsko.si\/?page_id=1331#breadcrumb"},"inLanguage":"sl-SI","potentialAction":[{"@type":"ReadAction","target":["https:\/\/cpskrsko.si\/?page_id=1331"]}]},{"@type":"BreadcrumbList","@id":"https:\/\/cpskrsko.si\/?page_id=1331#breadcrumb","itemListElement":[{"@type":"ListItem","position":1,"name":"Home","item":"https:\/\/cpskrsko.si\/"},{"@type":"ListItem","position":2,"name":"O NAS","item":"https:\/\/cpskrsko.si\/?page_id=50"},{"@type":"ListItem","position":3,"name":"Organi dru\u0161tva"}]},{"@type":"WebSite","@id":"https:\/\/cpskrsko.si\/#website","url":"https:\/\/cpskrsko.si\/","name":"CPS Kr\u0161ko","description":"Klub prakti\u010dnega streljanja KR\u0160KO","potentialAction":[{"@type":"SearchAction","target":{"@type":"EntryPoint","urlTemplate":"https:\/\/cpskrsko.si\/?s={search_term_string}"},"query-input":{"@type":"PropertyValueSpecification","valueRequired":true,"valueName":"search_term_string"}}],"inLanguage":"sl-SI"}]}},"_links":{"self":[{"href":"https:\/\/cpskrsko.si\/index.php?rest_route=\/wp\/v2\/pages\/1331","targetHints":{"allow":["GET"]}}],"collection":[{"href":"https:\/\/cpskrsko.si\/index.php?rest_route=\/wp\/v2\/pages"}],"about":[{"href":"https:\/\/cpskrsko.si\/index.php?rest_route=\/wp\/v2\/types\/page"}],"author":[{"embeddable":true,"href":"https:\/\/cpskrsko.si\/index.php?rest_route=\/wp\/v2\/users\/299842"}],"replies":[{"embeddable":true,"href":"https:\/\/cpskrsko.si\/index.php?rest_route=%2Fwp%2Fv2%2Fcomments&post=1331"}],"version-history":[{"count":11,"href":"https:\/\/cpskrsko.si\/index.php?rest_route=\/wp\/v2\/pages\/1331\/revisions"}],"predecessor-version":[{"id":2454,"href":"https:\/\/cpskrsko.si\/index.php?rest_route=\/wp\/v2\/pages\/1331\/revisions\/2454"}],"up":[{"embeddable":true,"href":"https:\/\/cpskrsko.si\/index.php?rest_route=\/wp\/v2\/pages\/50"}],"wp:attachment":[{"href":"https:\/\/cpskrsko.si\/index.php?rest_route=%2Fwp%2Fv2%2Fmedia&parent=1331"}],"curies":[{"name":"wp","href":"https:\/\/api.w.org\/{rel}","templated":true}]}}