{"id":1325,"date":"2018-03-29T22:37:59","date_gmt":"2018-03-29T20:37:59","guid":{"rendered":"http:\/\/cpsstrelec.si\/?page_id=1325"},"modified":"2018-03-29T22:42:35","modified_gmt":"2018-03-29T20:42:35","slug":"predpisi","status":"publish","type":"page","link":"https:\/\/cpskrsko.si\/?page_id=1325","title":{"rendered":"Varnostni predpisi"},"content":{"rendered":"<p style=\"text-align: center;\">&nbsp;<\/p>\n<p style=\"text-align: center;\"><strong>VARNOSTNI PREDPISI ZA UPORABNIKE IN OBISKOVALCE STRELI\u0160\u010cA ZAKOV<\/strong><\/p>\n<p style=\"text-align: center;\">&nbsp;<\/p>\n<p style=\"text-align: center;\"><strong>I. SPLO\u0160NI PREDPISI<\/strong><\/p>\n<ol>\n<li>Na streli\u0161\u010de vstopa\u0161 po svoji volji in na svojo odgovornost, zato spo\u0161tuj predpisani red in bodi discipliniran<\/li>\n<li>Na streli\u0161\u010du in v strelskih objektih zahtevamo ti\u0161ino in \u0161porten odnos do drugih souporabnikov<\/li>\n<li>Uporabljati se sme samo brezhibno in varno oro\u017eje ter strelivo<\/li>\n<li>Oro\u017eje se sme nositi na streli\u0161\u010du le izpraznjeno v toku, pu\u0161ke pa z odprtim zapira\u010dem, oziroma prelomljene (lovske pu\u0161ke) in s cevjo navzdol<\/li>\n<li>Tujega oro\u017eja in pribora se ne sme\u0161 dotikati brez dovoljenja lastnika<\/li>\n<li>Pripravo, \u010di\u0161\u010denje in popravilo oro\u017eja opravljaj na zato dolo\u010denem prostoru<\/li>\n<li>Na treningih in na tekmovanjih se mora\u0161 podrejati ukazom za streli\u0161\u010de poobla\u0161\u010denih oseb<\/li>\n<li>Vinjenim osebam, omamljenim in bolnim strelcem je prepovedano streljati.<\/li>\n<\/ol>\n<p style=\"text-align: center;\"><strong>&nbsp;II. STRELI\u0160\u010cE<\/strong><\/p>\n<ol>\n<li>Streli\u0161\u010de Zakov je streli\u0161\u010de zaprtega tipa (ni javno streli\u0161\u010de) in je namenjeno le dejavnostim zgoraj napisanih dru\u0161tev oziroma klubov<\/li>\n<li>Streli\u0161\u010de je prostor oziroma strelski objekt na katerem poteka streljanje<\/li>\n<li>Streli\u0161\u010de mora biti zavarovano tako, da nanj v \u010dasu streljanja ne morejo vstopati druge osebe in \u017eivali<\/li>\n<li>Streli\u0161\u010de mora imeti vse predpisane cone (strelsko mesto, mesto za \u010dakajo\u010de strelce, mesto za druge obiskovalce, mesto za pripravo, \u010di\u0161\u010denje in popravilo oro\u017eja i,t,d)<\/li>\n<li>Strelske treninge in streljanje na streli\u0161\u010du vodi poobla\u0161\u010dena in usposobljena oseba dru\u0161tva ali kluba.<\/li>\n<li>Na streli\u0161\u010du Zakov so na razpolago tri strelna mesta za pi\u0161tolo in MK oro\u017eje (pu\u0161ka in pi\u0161tola), dodatna tri mesta za tekme IPSC, ter streli\u0161\u010de za glinaste golobe in nastrel lovskih pu\u0161k.<\/li>\n<li>Na streli\u0161\u010de mora biti vedno zagotovljen dostop re\u0161evalni slu\u017ebi, gasilcem in policiji (proste poti)<\/li>\n<li>Skica streli\u0161\u010da z vrisanimi objekti in conami mora biti obe\u0161ena na streli\u0161\u010du tako, da je dostopna vsem uporabnikom (priloga varnostnega predpisa)<\/li>\n<li>Streli\u0161\u010de obratuje za treninge ob torkih in \u010detrtkih od 16 do 19 ure oziroma navedene dni v \u010dasu treh polnih ur. Ob sobotah se na\u010deloma ne izvaja streljanje razen zadnje sobote v mesecu LD Senovo in dogovorjenih prireditev (dan odprtih vrat, sre\u010danje \u010dlanov dru\u0161tev DPS, LDS in 357). Dru\u0161tvo CPS Kr\u0161ko izvede eno tekmo na dr\u017eavnem nivoju letno (petek in sobota) in do dve tekmi PDL (Posavsko Dolenjska liga) v soboto<\/li>\n<li>Na streli\u0161\u010du se vodi dnevnik vadbe oziroma streljanja (ime in priimek, dan in \u010das streljanja ter tip in kaliber oro\u017eja)<\/li>\n<\/ol>\n<p style=\"text-align: center;\"><strong>III. OBVEZNA OPREMA STRELCA<\/strong><\/p>\n<ol>\n<li>Za\u0161\u010ditna o\u010dala (varovanje o\u010di)<\/li>\n<li>Ustrezni glu\u0161niki (varovanje sluha)<\/li>\n<li>Tok v katerem hrani in prena\u0161a prazno oro\u017eje<\/li>\n<\/ol>\n<p style=\"text-align: center;\"><strong>IV. NA STRELNEM MESTU<\/strong><\/p>\n<ol>\n<li>Na strelno linijo stopi\u0161 le tedaj, ko si na vrsti oziroma si nanjo pozvan<\/li>\n<li>Pravico dostopa na strelno mesto med vadbo ima poleg strelca \u0161e njegov in\u0161truktor oziroma trener, med tekmovanjem pa samo vodja tekmovanja in sodnik<\/li>\n<li>Spremljevalci in gledalci se lahko zadr\u017eujejo le na za njih dolo\u010denem prostoru, ki je od strelca lo\u010den z ozna\u010devalnim trakom oziroma ograjo<\/li>\n<li>Oro\u017eje lahko napolni\u0161 in spro\u017ei\u0161 le na strelnem mestu tedaj, ko ti da odgovorna oseba znak za za\u010detek streljanja in ko si se postavil v strelni polo\u017eaj<\/li>\n<li>Strogo prepovedano je obra\u010dati oro\u017ejem iz smeri streljanja<\/li>\n<li>Po kon\u010danem streljanju na ukaz odgovorne osebe izprazni\u0161 oro\u017eje in ga vlo\u017ei\u0161 v tok, pospravi\u0161 nabojnike in se umakne\u0161 s strelske linije<\/li>\n<li>Na zahtevo odgovorne osebe je strelec dol\u017ean takoj prenehati streljati in izprazniti oro\u017eje. To mora storiti tudi tedaj, \u010de se na strelnem obmo\u010dju pojavi \u017eivo bitje (\u010dlovek ali \u017eival). Streljanje ponovno nadaljuje, ko dobi ponovno dovoljenje za streljanje<\/li>\n<li>\u010ce se med vadbo ali tekmovanjem pokvari oro\u017eje (okvara ali zastoj), mora strelec ukrepati po dogovoru z poobla\u0161\u010deno osebo na strelni \u010drti, nikakor pa ni dovoljeno oro\u017eje obra\u010dati iz smeri streljanja<\/li>\n<li>Preizku\u0161anje in nastrelitev oro\u017eja se lahko opravi le v soglasju z odgovorno osebo na streli\u0161\u010du<\/li>\n<li>V primeru ve\u010d strelnih mest na manj\u0161em obmo\u010dju, ki so lahko lo\u010dena&nbsp; ali pa tudi ne, je potrebno upo\u0161tevati navodila za varno streljanje vseh udele\u017eencev (streljanje skupaj ali v zaporedju, prekinitev streljanja na vseh strelnih mestih, ogled tar\u010d in lepljenje tar\u010d \u2013 naenkrat na vsem mestih)<\/li>\n<li>Kajenje, u\u017eivanje alkohola ali hrane&nbsp; na strelnem mestu in v \u010dasu streljanja je strogo prepovedano<\/li>\n<li>Politi\u010dno delovanje na streli\u0161\u010du je strogo prepovedano (agitacija, plakati i.t.d)<\/li>\n<li>Po opravljeni vadbi oziroma streljanju pospravi oro\u017eje, pospravi in o\u010disti strelno mesto ob koncu streljanja z ostalimi strelci tudi celoten prostor streli\u0161\u010da.<\/li>\n<\/ol>\n<p><strong><u>Strelec, ki pride na streli\u0161\u010de je dol\u017ean na zahtevo odgovorne osebe na streli\u0161\u010du pokazati oro\u017eno listino in oro\u017eje, ter se vpisati v evidenco prisotnih strelcev na streli\u0161\u010du.<\/u><\/strong><strong> Strelci morajo obvezno strogo upo\u0161tevati pravilnike dru\u0161tva in strelske zveze. Kadar gre za kr\u0161itev pravil morajo odgovorne osebe odstraniti kr\u0161ilca s streli\u0161\u010da in zahtevati disciplinski postopek.<\/strong><\/p>\n<p><strong>V PRIMERU NESRE\u010cE, PO\u017dARA ALI KAZNIVEGA DEJANJA TAKOJ OBVESTITI:<\/strong><\/p>\n<ul>\n<li><strong>Center za obve\u0161\u010danje 112<\/strong><\/li>\n<li><strong>Policijo 113<\/strong><\/li>\n<\/ul>\n<p><strong>SEZNAM ODGOVORNIH OSEB NA STRELI\u0160\u010cU ki skrbijo za red, varnost in organizacijo streljanja, imajo pa tudi pravico preverjanja oro\u017enih listin strelcev in njihovega oro\u017eja.<\/strong><\/p>\n<p><strong>&nbsp;<\/strong><\/p>\n<table>\n<tbody>\n<tr>\n<td width=\"307\">\n<p style=\"text-align: center;\"><strong><u>DPS Senovo<\/u><\/strong><\/p>\n<p style=\"text-align: center;\"><strong>Marjan Brinovec<\/strong><\/p>\n<p style=\"text-align: center;\"><strong>Franc \u017divi\u010d<\/strong><\/p>\n<p style=\"text-align: center;\"><strong>Sandi Fuks<\/strong><\/p>\n<\/td>\n<td width=\"307\">\n<p style=\"text-align: center;\"><strong><u>LDS Senovo<\/u><\/strong><\/p>\n<p style=\"text-align: center;\"><strong>Zlatko Gabri\u010d<\/strong><\/p>\n<p style=\"text-align: center;\"><strong>Zdravko Smole<\/strong><\/p>\n<p style=\"text-align: center;\"><strong>Kleopatra Gabri\u010d<\/strong><\/p>\n<\/td>\n<\/tr>\n<tr>\n<td width=\"307\">\n<p style=\"text-align: center;\"><strong><u>357 Senovo<\/u><\/strong><\/p>\n<p style=\"text-align: center;\"><strong>Roman Brinovar<\/strong><\/p>\n<p style=\"text-align: center;\"><strong>Danijel Brinovar<\/strong><\/p>\n<p style=\"text-align: center;\"><strong>Sre\u010dko Kozole<\/strong><\/p>\n<\/td>\n<td width=\"307\">\n<p style=\"text-align: center;\"><strong><u>CPS Kr\u0161ko<\/u><\/strong><\/p>\n<p style=\"text-align: center;\"><strong>Franc Kolari\u010d<\/strong><\/p>\n<p style=\"text-align: center;\"><strong>Jo\u017ee Kodri\u010d<\/strong><\/p>\n<p style=\"text-align: center;\"><strong>Marjan \u010ceplak<\/strong><\/p>\n<\/td>\n<\/tr>\n<\/tbody>\n<\/table>\n","protected":false},"excerpt":{"rendered":"<p>&nbsp; VARNOSTNI PREDPISI ZA UPORABNIKE IN OBISKOVALCE STRELI\u0160\u010cA ZAKOV &nbsp; I. SPLO\u0160NI PREDPISI Na streli\u0161\u010de vstopa\u0161 po svoji volji in na svojo odgovornost, zato spo\u0161tuj predpisani red in bodi discipliniran Na streli\u0161\u010du in v strelskih objektih zahtevamo ti\u0161ino in \u0161porten odnos do drugih souporabnikov Uporabljati se sme samo brezhibno in<a href=\"https:\/\/cpskrsko.si\/?page_id=1325\" class=\"read-more\">Read the rest of this page &raquo;<\/a><\/p>\n","protected":false},"author":299842,"featured_media":0,"parent":1207,"menu_order":3,"comment_status":"closed","ping_status":"closed","template":"fullwidth.php","meta":{"ngg_post_thumbnail":0,"footnotes":""},"class_list":["post-1325","page","type-page","status-publish","hentry"],"yoast_head":"<!-- This site is optimized with the Yoast SEO plugin v27.4 - https:\/\/yoast.com\/product\/yoast-seo-wordpress\/ -->\n<title>Varnostni predpisi - CPS Kr\u0161ko<\/title>\n<meta name=\"robots\" content=\"index, follow, max-snippet:-1, max-image-preview:large, max-video-preview:-1\" \/>\n<link rel=\"canonical\" href=\"https:\/\/cpskrsko.si\/?page_id=1325\" \/>\n<meta property=\"og:locale\" content=\"sl_SI\" \/>\n<meta property=\"og:type\" content=\"article\" \/>\n<meta property=\"og:title\" content=\"Varnostni predpisi - CPS Kr\u0161ko\" \/>\n<meta property=\"og:description\" content=\"&nbsp; VARNOSTNI PREDPISI ZA UPORABNIKE IN OBISKOVALCE STRELI\u0160\u010cA ZAKOV &nbsp; I. SPLO\u0160NI PREDPISI Na streli\u0161\u010de vstopa\u0161 po svoji volji in na svojo odgovornost, zato spo\u0161tuj predpisani red in bodi discipliniran Na streli\u0161\u010du in v strelskih objektih zahtevamo ti\u0161ino in \u0161porten odnos do drugih souporabnikov Uporabljati se sme samo brezhibno inRead the rest of this page &raquo;\" \/>\n<meta property=\"og:url\" content=\"https:\/\/cpskrsko.si\/?page_id=1325\" \/>\n<meta property=\"og:site_name\" content=\"CPS Kr\u0161ko\" \/>\n<meta property=\"article:publisher\" content=\"http:\/\/facebook.com\/cpskrsko\" \/>\n<meta property=\"article:modified_time\" content=\"2018-03-29T20:42:35+00:00\" \/>\n<meta name=\"twitter:label1\" content=\"Est. reading time\" \/>\n\t<meta name=\"twitter:data1\" content=\"5 minut\" \/>\n<script type=\"application\/ld+json\" class=\"yoast-schema-graph\">{\"@context\":\"https:\\\/\\\/schema.org\",\"@graph\":[{\"@type\":\"WebPage\",\"@id\":\"https:\\\/\\\/cpskrsko.si\\\/?page_id=1325\",\"url\":\"https:\\\/\\\/cpskrsko.si\\\/?page_id=1325\",\"name\":\"Varnostni predpisi - CPS Kr\u0161ko\",\"isPartOf\":{\"@id\":\"https:\\\/\\\/cpskrsko.si\\\/#website\"},\"datePublished\":\"2018-03-29T20:37:59+00:00\",\"dateModified\":\"2018-03-29T20:42:35+00:00\",\"breadcrumb\":{\"@id\":\"https:\\\/\\\/cpskrsko.si\\\/?page_id=1325#breadcrumb\"},\"inLanguage\":\"sl-SI\",\"potentialAction\":[{\"@type\":\"ReadAction\",\"target\":[\"https:\\\/\\\/cpskrsko.si\\\/?page_id=1325\"]}]},{\"@type\":\"BreadcrumbList\",\"@id\":\"https:\\\/\\\/cpskrsko.si\\\/?page_id=1325#breadcrumb\",\"itemListElement\":[{\"@type\":\"ListItem\",\"position\":1,\"name\":\"Home\",\"item\":\"https:\\\/\\\/cpskrsko.si\\\/\"},{\"@type\":\"ListItem\",\"position\":2,\"name\":\"STRELI\u0160\u010cE\",\"item\":\"https:\\\/\\\/cpskrsko.si\\\/?page_id=1207\"},{\"@type\":\"ListItem\",\"position\":3,\"name\":\"Varnostni predpisi\"}]},{\"@type\":\"WebSite\",\"@id\":\"https:\\\/\\\/cpskrsko.si\\\/#website\",\"url\":\"https:\\\/\\\/cpskrsko.si\\\/\",\"name\":\"CPS Kr\u0161ko\",\"description\":\"Klub prakti\u010dnega streljanja KR\u0160KO\",\"potentialAction\":[{\"@type\":\"SearchAction\",\"target\":{\"@type\":\"EntryPoint\",\"urlTemplate\":\"https:\\\/\\\/cpskrsko.si\\\/?s={search_term_string}\"},\"query-input\":{\"@type\":\"PropertyValueSpecification\",\"valueRequired\":true,\"valueName\":\"search_term_string\"}}],\"inLanguage\":\"sl-SI\"}]}<\/script>\n<!-- \/ Yoast SEO plugin. -->","yoast_head_json":{"title":"Varnostni predpisi - CPS Kr\u0161ko","robots":{"index":"index","follow":"follow","max-snippet":"max-snippet:-1","max-image-preview":"max-image-preview:large","max-video-preview":"max-video-preview:-1"},"canonical":"https:\/\/cpskrsko.si\/?page_id=1325","og_locale":"sl_SI","og_type":"article","og_title":"Varnostni predpisi - CPS Kr\u0161ko","og_description":"&nbsp; VARNOSTNI PREDPISI ZA UPORABNIKE IN OBISKOVALCE STRELI\u0160\u010cA ZAKOV &nbsp; I. SPLO\u0160NI PREDPISI Na streli\u0161\u010de vstopa\u0161 po svoji volji in na svojo odgovornost, zato spo\u0161tuj predpisani red in bodi discipliniran Na streli\u0161\u010du in v strelskih objektih zahtevamo ti\u0161ino in \u0161porten odnos do drugih souporabnikov Uporabljati se sme samo brezhibno inRead the rest of this page &raquo;","og_url":"https:\/\/cpskrsko.si\/?page_id=1325","og_site_name":"CPS Kr\u0161ko","article_publisher":"http:\/\/facebook.com\/cpskrsko","article_modified_time":"2018-03-29T20:42:35+00:00","twitter_misc":{"Est. reading time":"5 minut"},"schema":{"@context":"https:\/\/schema.org","@graph":[{"@type":"WebPage","@id":"https:\/\/cpskrsko.si\/?page_id=1325","url":"https:\/\/cpskrsko.si\/?page_id=1325","name":"Varnostni predpisi - CPS Kr\u0161ko","isPartOf":{"@id":"https:\/\/cpskrsko.si\/#website"},"datePublished":"2018-03-29T20:37:59+00:00","dateModified":"2018-03-29T20:42:35+00:00","breadcrumb":{"@id":"https:\/\/cpskrsko.si\/?page_id=1325#breadcrumb"},"inLanguage":"sl-SI","potentialAction":[{"@type":"ReadAction","target":["https:\/\/cpskrsko.si\/?page_id=1325"]}]},{"@type":"BreadcrumbList","@id":"https:\/\/cpskrsko.si\/?page_id=1325#breadcrumb","itemListElement":[{"@type":"ListItem","position":1,"name":"Home","item":"https:\/\/cpskrsko.si\/"},{"@type":"ListItem","position":2,"name":"STRELI\u0160\u010cE","item":"https:\/\/cpskrsko.si\/?page_id=1207"},{"@type":"ListItem","position":3,"name":"Varnostni predpisi"}]},{"@type":"WebSite","@id":"https:\/\/cpskrsko.si\/#website","url":"https:\/\/cpskrsko.si\/","name":"CPS Kr\u0161ko","description":"Klub prakti\u010dnega streljanja KR\u0160KO","potentialAction":[{"@type":"SearchAction","target":{"@type":"EntryPoint","urlTemplate":"https:\/\/cpskrsko.si\/?s={search_term_string}"},"query-input":{"@type":"PropertyValueSpecification","valueRequired":true,"valueName":"search_term_string"}}],"inLanguage":"sl-SI"}]}},"_links":{"self":[{"href":"https:\/\/cpskrsko.si\/index.php?rest_route=\/wp\/v2\/pages\/1325","targetHints":{"allow":["GET"]}}],"collection":[{"href":"https:\/\/cpskrsko.si\/index.php?rest_route=\/wp\/v2\/pages"}],"about":[{"href":"https:\/\/cpskrsko.si\/index.php?rest_route=\/wp\/v2\/types\/page"}],"author":[{"embeddable":true,"href":"https:\/\/cpskrsko.si\/index.php?rest_route=\/wp\/v2\/users\/299842"}],"replies":[{"embeddable":true,"href":"https:\/\/cpskrsko.si\/index.php?rest_route=%2Fwp%2Fv2%2Fcomments&post=1325"}],"version-history":[{"count":5,"href":"https:\/\/cpskrsko.si\/index.php?rest_route=\/wp\/v2\/pages\/1325\/revisions"}],"predecessor-version":[{"id":1330,"href":"https:\/\/cpskrsko.si\/index.php?rest_route=\/wp\/v2\/pages\/1325\/revisions\/1330"}],"up":[{"embeddable":true,"href":"https:\/\/cpskrsko.si\/index.php?rest_route=\/wp\/v2\/pages\/1207"}],"wp:attachment":[{"href":"https:\/\/cpskrsko.si\/index.php?rest_route=%2Fwp%2Fv2%2Fmedia&parent=1325"}],"curies":[{"name":"wp","href":"https:\/\/api.w.org\/{rel}","templated":true}]}}