{"id":1275,"date":"2018-01-26T13:55:21","date_gmt":"2018-01-26T12:55:21","guid":{"rendered":"http:\/\/cpsstrelec.si\/?page_id=1275"},"modified":"2021-08-18T11:46:51","modified_gmt":"2021-08-18T09:46:51","slug":"dokumenti","status":"publish","type":"page","link":"https:\/\/cpskrsko.si\/?page_id=1275","title":{"rendered":"Dokumenti"},"content":{"rendered":"<p><a href=\"http:\/\/cpskrsko.si\/?attachment_id=1956\" target=\"_blank\" rel=\"noopener\">Pristopna izjava<\/a><\/p>\n<p><a href=\"http:\/\/cpskrsko.si\/?attachment_id=1957\" target=\"_blank\" rel=\"noopener\">Izstopna izjava<\/a><\/p>\n<p><a href=\"http:\/\/cpskrsko.si\/?attachment_id=1954\" target=\"_blank\" rel=\"noopener\">Prijavnica na tekmovanje<\/a><\/p>\n<p>&nbsp;<\/p>\n\n\n<p><\/p>\n","protected":false},"excerpt":{"rendered":"<p>Pristopna izjava Izstopna izjava Prijavnica na tekmovanje &nbsp;<\/p>\n","protected":false},"author":299842,"featured_media":0,"parent":50,"menu_order":5,"comment_status":"closed","ping_status":"closed","template":"fullwidth.php","meta":{"ngg_post_thumbnail":0,"footnotes":""},"class_list":["post-1275","page","type-page","status-publish","hentry"],"yoast_head":"<!-- This site is optimized with the Yoast SEO plugin v27.4 - https:\/\/yoast.com\/product\/yoast-seo-wordpress\/ -->\n<title>Dokumenti - CPS Kr\u0161ko<\/title>\n<meta name=\"robots\" content=\"index, follow, max-snippet:-1, max-image-preview:large, max-video-preview:-1\" \/>\n<link rel=\"canonical\" href=\"https:\/\/cpskrsko.si\/?page_id=1275\" \/>\n<meta property=\"og:locale\" content=\"sl_SI\" \/>\n<meta property=\"og:type\" content=\"article\" \/>\n<meta property=\"og:title\" content=\"Dokumenti - CPS Kr\u0161ko\" \/>\n<meta property=\"og:description\" content=\"Pristopna izjava Izstopna izjava Prijavnica na tekmovanje &nbsp;\" \/>\n<meta property=\"og:url\" content=\"https:\/\/cpskrsko.si\/?page_id=1275\" \/>\n<meta property=\"og:site_name\" content=\"CPS Kr\u0161ko\" \/>\n<meta property=\"article:publisher\" content=\"http:\/\/facebook.com\/cpskrsko\" \/>\n<meta property=\"article:modified_time\" content=\"2021-08-18T09:46:51+00:00\" \/>\n<meta name=\"twitter:label1\" content=\"Est. reading time\" \/>\n\t<meta name=\"twitter:data1\" content=\"1 minuta\" \/>\n<script type=\"application\/ld+json\" class=\"yoast-schema-graph\">{\"@context\":\"https:\\\/\\\/schema.org\",\"@graph\":[{\"@type\":\"WebPage\",\"@id\":\"https:\\\/\\\/cpskrsko.si\\\/?page_id=1275\",\"url\":\"https:\\\/\\\/cpskrsko.si\\\/?page_id=1275\",\"name\":\"Dokumenti - CPS Kr\u0161ko\",\"isPartOf\":{\"@id\":\"https:\\\/\\\/cpskrsko.si\\\/#website\"},\"datePublished\":\"2018-01-26T12:55:21+00:00\",\"dateModified\":\"2021-08-18T09:46:51+00:00\",\"breadcrumb\":{\"@id\":\"https:\\\/\\\/cpskrsko.si\\\/?page_id=1275#breadcrumb\"},\"inLanguage\":\"sl-SI\",\"potentialAction\":[{\"@type\":\"ReadAction\",\"target\":[\"https:\\\/\\\/cpskrsko.si\\\/?page_id=1275\"]}]},{\"@type\":\"BreadcrumbList\",\"@id\":\"https:\\\/\\\/cpskrsko.si\\\/?page_id=1275#breadcrumb\",\"itemListElement\":[{\"@type\":\"ListItem\",\"position\":1,\"name\":\"Home\",\"item\":\"https:\\\/\\\/cpskrsko.si\\\/\"},{\"@type\":\"ListItem\",\"position\":2,\"name\":\"O NAS\",\"item\":\"https:\\\/\\\/cpskrsko.si\\\/?page_id=50\"},{\"@type\":\"ListItem\",\"position\":3,\"name\":\"Dokumenti\"}]},{\"@type\":\"WebSite\",\"@id\":\"https:\\\/\\\/cpskrsko.si\\\/#website\",\"url\":\"https:\\\/\\\/cpskrsko.si\\\/\",\"name\":\"CPS Kr\u0161ko\",\"description\":\"Klub prakti\u010dnega streljanja KR\u0160KO\",\"potentialAction\":[{\"@type\":\"SearchAction\",\"target\":{\"@type\":\"EntryPoint\",\"urlTemplate\":\"https:\\\/\\\/cpskrsko.si\\\/?s={search_term_string}\"},\"query-input\":{\"@type\":\"PropertyValueSpecification\",\"valueRequired\":true,\"valueName\":\"search_term_string\"}}],\"inLanguage\":\"sl-SI\"}]}<\/script>\n<!-- \/ Yoast SEO plugin. -->","yoast_head_json":{"title":"Dokumenti - CPS Kr\u0161ko","robots":{"index":"index","follow":"follow","max-snippet":"max-snippet:-1","max-image-preview":"max-image-preview:large","max-video-preview":"max-video-preview:-1"},"canonical":"https:\/\/cpskrsko.si\/?page_id=1275","og_locale":"sl_SI","og_type":"article","og_title":"Dokumenti - CPS Kr\u0161ko","og_description":"Pristopna izjava Izstopna izjava Prijavnica na tekmovanje &nbsp;","og_url":"https:\/\/cpskrsko.si\/?page_id=1275","og_site_name":"CPS Kr\u0161ko","article_publisher":"http:\/\/facebook.com\/cpskrsko","article_modified_time":"2021-08-18T09:46:51+00:00","twitter_misc":{"Est. reading time":"1 minuta"},"schema":{"@context":"https:\/\/schema.org","@graph":[{"@type":"WebPage","@id":"https:\/\/cpskrsko.si\/?page_id=1275","url":"https:\/\/cpskrsko.si\/?page_id=1275","name":"Dokumenti - CPS Kr\u0161ko","isPartOf":{"@id":"https:\/\/cpskrsko.si\/#website"},"datePublished":"2018-01-26T12:55:21+00:00","dateModified":"2021-08-18T09:46:51+00:00","breadcrumb":{"@id":"https:\/\/cpskrsko.si\/?page_id=1275#breadcrumb"},"inLanguage":"sl-SI","potentialAction":[{"@type":"ReadAction","target":["https:\/\/cpskrsko.si\/?page_id=1275"]}]},{"@type":"BreadcrumbList","@id":"https:\/\/cpskrsko.si\/?page_id=1275#breadcrumb","itemListElement":[{"@type":"ListItem","position":1,"name":"Home","item":"https:\/\/cpskrsko.si\/"},{"@type":"ListItem","position":2,"name":"O NAS","item":"https:\/\/cpskrsko.si\/?page_id=50"},{"@type":"ListItem","position":3,"name":"Dokumenti"}]},{"@type":"WebSite","@id":"https:\/\/cpskrsko.si\/#website","url":"https:\/\/cpskrsko.si\/","name":"CPS Kr\u0161ko","description":"Klub prakti\u010dnega streljanja KR\u0160KO","potentialAction":[{"@type":"SearchAction","target":{"@type":"EntryPoint","urlTemplate":"https:\/\/cpskrsko.si\/?s={search_term_string}"},"query-input":{"@type":"PropertyValueSpecification","valueRequired":true,"valueName":"search_term_string"}}],"inLanguage":"sl-SI"}]}},"_links":{"self":[{"href":"https:\/\/cpskrsko.si\/index.php?rest_route=\/wp\/v2\/pages\/1275","targetHints":{"allow":["GET"]}}],"collection":[{"href":"https:\/\/cpskrsko.si\/index.php?rest_route=\/wp\/v2\/pages"}],"about":[{"href":"https:\/\/cpskrsko.si\/index.php?rest_route=\/wp\/v2\/types\/page"}],"author":[{"embeddable":true,"href":"https:\/\/cpskrsko.si\/index.php?rest_route=\/wp\/v2\/users\/299842"}],"replies":[{"embeddable":true,"href":"https:\/\/cpskrsko.si\/index.php?rest_route=%2Fwp%2Fv2%2Fcomments&post=1275"}],"version-history":[{"count":9,"href":"https:\/\/cpskrsko.si\/index.php?rest_route=\/wp\/v2\/pages\/1275\/revisions"}],"predecessor-version":[{"id":1959,"href":"https:\/\/cpskrsko.si\/index.php?rest_route=\/wp\/v2\/pages\/1275\/revisions\/1959"}],"up":[{"embeddable":true,"href":"https:\/\/cpskrsko.si\/index.php?rest_route=\/wp\/v2\/pages\/50"}],"wp:attachment":[{"href":"https:\/\/cpskrsko.si\/index.php?rest_route=%2Fwp%2Fv2%2Fmedia&parent=1275"}],"curies":[{"name":"wp","href":"https:\/\/api.w.org\/{rel}","templated":true}]}}